{"id":3430,"date":"2020-10-08T12:19:12","date_gmt":"2020-10-08T12:19:12","guid":{"rendered":"http:\/\/ravintolafeenix.fi\/?page_id=3430"},"modified":"2026-01-08T09:59:59","modified_gmt":"2026-01-08T09:59:59","slug":"etusivu","status":"publish","type":"page","link":"https:\/\/ravintolafeenix.fi\/en\/","title":{"rendered":"Home"},"content":{"rendered":"<p>[et_pb_section fb_built=&#8221;1&#8243; custom_padding_last_edited=&#8221;on|phone&#8221; disabled_on=&#8221;off|off|off&#8221; _builder_version=&#8221;4.16&#8243; background_enable_color=&#8221;off&#8221; use_background_color_gradient=&#8221;on&#8221; background_color_gradient_direction=&#8221;1deg&#8221; background_color_gradient_stops=&#8221;rgba(0,0,0,0.51) 0%|rgba(10,10,10,0.02) 100%&#8221; background_color_gradient_start=&#8221;rgba(0,0,0,0.51)&#8221; background_color_gradient_end=&#8221;rgba(10,10,10,0.02)&#8221; background_image=&#8221;https:\/\/ravintolafeenix.fi\/wp-content\/uploads\/2020\/10\/feenix-14.jpg&#8221; background_blend=&#8221;overlay&#8221; custom_padding=&#8221;112px||142px|||&#8221; custom_padding_tablet=&#8221;50px||||false|false&#8221; custom_padding_phone=&#8221;&#8221; global_colors_info=&#8221;{}&#8221;][et_pb_row custom_padding_last_edited=&#8221;on|phone&#8221; _builder_version=&#8221;4.16&#8243; custom_padding=&#8221;116px|||||&#8221; custom_padding_tablet=&#8221;&#8221; custom_padding_phone=&#8221;||50px||false|false&#8221; global_colors_info=&#8221;{}&#8221;][et_pb_column type=&#8221;4_4&#8243; _builder_version=&#8221;4.16&#8243; global_colors_info=&#8221;{}&#8221;][et_pb_text _builder_version=&#8221;4.16&#8243; _module_preset=&#8221;default&#8221; text_font_size=&#8221;19px&#8221; text_text_shadow_style=&#8221;preset1&#8243; header_text_shadow_style=&#8221;preset1&#8243; header_2_text_shadow_style=&#8221;preset1&#8243; global_colors_info=&#8221;{}&#8221;]<\/p>\n<h1 style=\"text-align: center;\"><span color=\"#ffffff\" style=\"color: #ffffff;\"><span style=\"caret-color: #ffffff;\">FEENIX RAVINTOLAT<\/span><\/span><\/h1>\n<p style=\"text-align: center;\">[\/et_pb_text][et_pb_button button_url=&#8221;#toimipisteet&#8221; button_text=&#8221;Katso ravintolat&#8221; button_alignment=&#8221;center&#8221; _builder_version=&#8221;4.16&#8243; box_shadow_style=&#8221;preset1&#8243; box_shadow_blur=&#8221;19px&#8221; box_shadow_spread=&#8221;-9px&#8221; global_colors_info=&#8221;{}&#8221;][\/et_pb_button][\/et_pb_column][\/et_pb_row][\/et_pb_section][et_pb_section fb_built=&#8221;1&#8243; disabled_on=&#8221;off|off|off&#8221; _builder_version=&#8221;4.16&#8243; _module_preset=&#8221;default&#8221; background_enable_color=&#8221;off&#8221; background_image=&#8221;https:\/\/ravintolafeenix.fi\/wp-content\/uploads\/2020\/10\/pattern_FEENIX-01.png&#8221; background_size=&#8221;initial&#8221; custom_padding=&#8221;14px||11px|||&#8221; global_colors_info=&#8221;{}&#8221;][et_pb_row _builder_version=&#8221;4.16&#8243; _module_preset=&#8221;default&#8221; custom_margin=&#8221;|auto|20px|auto||&#8221; custom_padding=&#8221;||25px|||&#8221; global_colors_info=&#8221;{}&#8221;][et_pb_column type=&#8221;4_4&#8243; _builder_version=&#8221;4.16&#8243; _module_preset=&#8221;default&#8221; global_colors_info=&#8221;{}&#8221;][et_pb_text _builder_version=&#8221;4.17.4&#8243; _module_preset=&#8221;default&#8221; text_text_color=&#8221;#ffffff&#8221; header_text_color=&#8221;#ffffff&#8221; header_2_text_color=&#8221;#ffffff&#8221; global_colors_info=&#8221;{}&#8221;]<\/p>\n<h1 style=\"text-align: center;\"><\/h1>\n<h1 style=\"text-align: center;\">ROVANIEMEN KATTAVIN LOUNAS<\/h1>\n<p>&nbsp;<\/p>\n<p style=\"text-align: center;\"><span style=\"color: #ffffff;\"><a href=\"https:\/\/ravintolafeenix.fi\/Ravintolat\" style=\"color: #ffffff;\">Feenix Ravintolat<\/a><\/span><span><span style=\"color: #ffffff;\">\u00a0ja <\/span><\/span><span><span style=\"color: #ffffff;\"><a href=\"https:\/\/ravintolafeenix.fi\/feenix-catering\/\" style=\"color: #ffffff;\">Catering-palvelumme<\/a> <\/span>tuovat maailman maut ulottuvillesi.\u00a0\u00a0<\/span><span>Rovaniemell\u00e4 sijaitsevat ravintolamme tarjoilevat maistuvan ja viikoittain vaihtuvan lounasmenun. \u00a0<\/span><\/p>\n<p style=\"text-align: center;\"><span>Ravintoloista saat annokset mukaasi my\u00f6s Take away -periaatteella.<\/span><\/p>\n<p>[\/et_pb_text][et_pb_text disabled_on=&#8221;on|on|on&#8221; _builder_version=&#8221;4.17.4&#8243; _module_preset=&#8221;default&#8221; header_3_text_color=&#8221;#ffffff&#8221; header_3_font_size=&#8221;30px&#8221; background_color=&#8221;rgba(0,0,0,0.51)&#8221; background_image=&#8221;https:\/\/ravintolafeenix.fi\/wp-content\/uploads\/2020\/10\/feenix-10.jpg&#8221; background_blend=&#8221;overlay&#8221; custom_padding=&#8221;173px||177px||false|false&#8221; animation_style=&#8221;fade&#8221; link_option_url=&#8221;https:\/\/ravintolafeenix.fi\/kauppa&#8221; header_3_font_size_tablet=&#8221;&#8221; header_3_font_size_phone=&#8221;25px&#8221; header_3_font_size_last_edited=&#8221;on|phone&#8221; border_width_top=&#8221;5px&#8221; border_color_top=&#8221;#ffffff&#8221; border_width_right=&#8221;5px&#8221; border_color_right=&#8221;#ffffff&#8221; border_width_bottom=&#8221;5px&#8221; border_color_bottom=&#8221;#ffffff&#8221; border_width_left=&#8221;5px&#8221; border_color_left=&#8221;#ffffff&#8221; disabled=&#8221;on&#8221; global_colors_info=&#8221;{}&#8221; background__hover_enabled=&#8221;on|hover&#8221; background_color__hover=&#8221;rgba(0,0,0,0.28)&#8221; background_enable_color__hover=&#8221;on&#8221;][\/et_pb_text][\/et_pb_column][\/et_pb_row][\/et_pb_section][et_pb_section fb_built=&#8221;1&#8243; module_id=&#8221;toimipisteet&#8221; module_class=&#8221;toimipisteet&#8221; _builder_version=&#8221;4.16&#8243; _module_preset=&#8221;default&#8221; custom_padding=&#8221;3px|||||&#8221; global_colors_info=&#8221;{}&#8221;][et_pb_row _builder_version=&#8221;4.16&#8243; _module_preset=&#8221;default&#8221; custom_padding=&#8221;40px||10px||false|false&#8221; global_colors_info=&#8221;{}&#8221;][et_pb_column type=&#8221;4_4&#8243; _builder_version=&#8221;4.16&#8243; _module_preset=&#8221;default&#8221; global_colors_info=&#8221;{}&#8221;][et_pb_text _builder_version=&#8221;4.16&#8243; _module_preset=&#8221;default&#8221; custom_padding=&#8221;||0px||false|false&#8221; global_colors_info=&#8221;{}&#8221;]<\/p>\n<h2 style=\"text-align: center;\">Ravintolat<\/h2>\n<p>[\/et_pb_text][\/et_pb_column][\/et_pb_row][et_pb_row column_structure=&#8221;1_2,1_2&#8243; _builder_version=&#8221;4.16&#8243; _module_preset=&#8221;default&#8221; max_width=&#8221;1983px&#8221; global_colors_info=&#8221;{}&#8221;][et_pb_column type=&#8221;1_2&#8243; _builder_version=&#8221;4.16&#8243; _module_preset=&#8221;default&#8221; global_colors_info=&#8221;{}&#8221;][et_pb_text _builder_version=&#8221;4.16&#8243; _module_preset=&#8221;default&#8221; header_3_text_color=&#8221;#ffffff&#8221; header_3_font_size=&#8221;30px&#8221; background_color=&#8221;rgba(0,0,0,0.27)&#8221; background_image=&#8221;https:\/\/ravintolafeenix.fi\/wp-content\/uploads\/2020\/10\/feenix-17.jpg&#8221; background_blend=&#8221;overlay&#8221; custom_padding=&#8221;200px||200px||false|false&#8221; animation_style=&#8221;fade&#8221; link_option_url=&#8221;https:\/\/ravintolafeenix.fi\/feenix-rinteenkulma&#8221; header_3_font_size_tablet=&#8221;&#8221; header_3_font_size_phone=&#8221;25px&#8221; header_3_font_size_last_edited=&#8221;on|phone&#8221; global_colors_info=&#8221;{}&#8221; background__hover_enabled=&#8221;on|desktop&#8221; background_color__hover=&#8221;rgba(0,0,0,0.15)&#8221; background_enable_color__hover=&#8221;on&#8221;]<\/p>\n<h3 style=\"text-align: center;\">FEENIX RINTEENKULMA<\/h3>\n<p>[\/et_pb_text][\/et_pb_column][et_pb_column type=&#8221;1_2&#8243; _builder_version=&#8221;4.16&#8243; _module_preset=&#8221;default&#8221; global_colors_info=&#8221;{}&#8221;][et_pb_text _builder_version=&#8221;4.16&#8243; _module_preset=&#8221;default&#8221; header_3_text_color=&#8221;#ffffff&#8221; header_3_font_size=&#8221;30px&#8221; background_color=&#8221;rgba(0,0,0,0.27)&#8221; background_image=&#8221;https:\/\/ravintolafeenix.fi\/wp-content\/uploads\/2020\/10\/feenix-19.jpg&#8221; background_blend=&#8221;overlay&#8221; custom_padding=&#8221;201px||200px||false|false&#8221; animation_style=&#8221;fade&#8221; link_option_url=&#8221;https:\/\/ravintolafeenix.fi\/feenix-minimani&#8221; header_3_font_size_tablet=&#8221;&#8221; header_3_font_size_phone=&#8221;25px&#8221; header_3_font_size_last_edited=&#8221;on|phone&#8221; global_colors_info=&#8221;{}&#8221; background__hover_enabled=&#8221;on|hover&#8221; background_color__hover=&#8221;rgba(0,0,0,0.15)&#8221; background_enable_color__hover=&#8221;on&#8221;]<\/p>\n<h3 style=\"text-align: center;\"><strong>FEENIX MINIMANI<\/strong><\/h3>\n<p>[\/et_pb_text][\/et_pb_column][\/et_pb_row][\/et_pb_section][et_pb_section fb_built=&#8221;1&#8243; _builder_version=&#8221;4.16&#8243; background_color=&#8221;rgba(45,45,45,0.34)&#8221; background_image=&#8221;https:\/\/ravintolafeenix.fi\/wp-content\/uploads\/2020\/10\/kaminburgerit-001-16-scaled.jpg&#8221; parallax=&#8221;on&#8221; parallax_method=&#8221;off&#8221; global_colors_info=&#8221;{}&#8221;][et_pb_row _builder_version=&#8221;4.16&#8243; custom_padding=&#8221;200px||200px||false|false&#8221; global_colors_info=&#8221;{}&#8221;][et_pb_column type=&#8221;4_4&#8243; _builder_version=&#8221;4.16&#8243; global_colors_info=&#8221;{}&#8221;][\/et_pb_column][\/et_pb_row][\/et_pb_section]<\/p>\n","protected":false},"excerpt":{"rendered":"<p>FEENIX RAVINTOLAT ROVANIEMEN KATTAVIN LOUNAS &nbsp; Feenix Ravintolat\u00a0ja Catering-palvelumme tuovat maailman maut ulottuvillesi.\u00a0\u00a0Rovaniemell\u00e4 sijaitsevat ravintolamme tarjoilevat maistuvan ja viikoittain vaihtuvan lounasmenun. \u00a0 Ravintoloista saat annokset mukaasi my\u00f6s Take away -periaatteella.RavintolatFEENIX RINTEENKULMAFEENIX MINIMANI<\/p>","protected":false},"author":1,"featured_media":3807,"parent":0,"menu_order":0,"comment_status":"closed","ping_status":"closed","template":"","meta":{"_et_pb_use_builder":"on","_et_pb_old_content":"","_et_gb_content_width":"","footnotes":""},"class_list":["post-3430","page","type-page","status-publish","has-post-thumbnail","hentry"],"yoast_head":"<!-- This site is optimized with the Yoast SEO plugin v27.0 - https:\/\/yoast.com\/product\/yoast-seo-wordpress\/ -->\n<title>Lounas ja Catering - Ravintola Feenix - Rovaniemell\u00e4<\/title>\n<meta name=\"description\" content=\"Feenix Ravintolat ja Catering-palvelumme tuovat maailman maut ulottuvillesi. Meilt\u00e4 maittavia bistron antimia sek\u00e4 lounasta my\u00f6s take away.\" \/>\n<meta name=\"robots\" content=\"index, follow, max-snippet:-1, max-image-preview:large, max-video-preview:-1\" \/>\n<link rel=\"canonical\" href=\"https:\/\/ravintolafeenix.fi\/en\/\" \/>\n<meta property=\"og:locale\" content=\"en_GB\" \/>\n<meta property=\"og:type\" content=\"article\" \/>\n<meta property=\"og:title\" content=\"Lounas ja Catering - Ravintola Feenix - Rovaniemell\u00e4\" \/>\n<meta property=\"og:description\" content=\"Feenix Ravintolat ja Catering-palvelumme tuovat maailman maut ulottuvillesi. Meilt\u00e4 maittavia bistron antimia sek\u00e4 lounasta my\u00f6s take away.\" \/>\n<meta property=\"og:url\" content=\"https:\/\/ravintolafeenix.fi\/en\/\" \/>\n<meta property=\"og:site_name\" content=\"Ravintola Feenix\" \/>\n<meta property=\"article:publisher\" content=\"https:\/\/www.facebook.com\/FeenixRavintola\/\" \/>\n<meta property=\"article:modified_time\" content=\"2026-01-08T09:59:59+00:00\" \/>\n<meta property=\"og:image\" content=\"http:\/\/ravintolafeenix.fi\/wp-content\/uploads\/2020\/10\/feenix3.jpg\" \/>\n\t<meta property=\"og:image:width\" content=\"500\" \/>\n\t<meta property=\"og:image:height\" content=\"500\" \/>\n\t<meta property=\"og:image:type\" content=\"image\/jpeg\" \/>\n<meta name=\"twitter:card\" content=\"summary_large_image\" \/>\n<meta name=\"twitter:label1\" content=\"Estimated reading time\" \/>\n\t<meta name=\"twitter:data1\" content=\"4 minutes\" \/>\n<script type=\"application\/ld+json\" class=\"yoast-schema-graph\">{\"@context\":\"https:\/\/schema.org\",\"@graph\":[{\"@type\":\"WebPage\",\"@id\":\"https:\/\/ravintolafeenix.fi\/\",\"url\":\"https:\/\/ravintolafeenix.fi\/\",\"name\":\"Lounas ja Catering - Ravintola Feenix - Rovaniemell\u00e4\",\"isPartOf\":{\"@id\":\"https:\/\/ravintolafeenix.fi\/en\/#website\"},\"primaryImageOfPage\":{\"@id\":\"https:\/\/ravintolafeenix.fi\/#primaryimage\"},\"image\":{\"@id\":\"https:\/\/ravintolafeenix.fi\/#primaryimage\"},\"thumbnailUrl\":\"https:\/\/ravintolafeenix.fi\/wp-content\/uploads\/2020\/10\/feenix3.jpg\",\"datePublished\":\"2020-10-08T12:19:12+00:00\",\"dateModified\":\"2026-01-08T09:59:59+00:00\",\"description\":\"Feenix Ravintolat ja Catering-palvelumme tuovat maailman maut ulottuvillesi. Meilt\u00e4 maittavia bistron antimia sek\u00e4 lounasta my\u00f6s take away.\",\"breadcrumb\":{\"@id\":\"https:\/\/ravintolafeenix.fi\/#breadcrumb\"},\"inLanguage\":\"en-GB\",\"potentialAction\":[{\"@type\":\"ReadAction\",\"target\":[\"https:\/\/ravintolafeenix.fi\/\"]}]},{\"@type\":\"ImageObject\",\"inLanguage\":\"en-GB\",\"@id\":\"https:\/\/ravintolafeenix.fi\/#primaryimage\",\"url\":\"https:\/\/ravintolafeenix.fi\/wp-content\/uploads\/2020\/10\/feenix3.jpg\",\"contentUrl\":\"https:\/\/ravintolafeenix.fi\/wp-content\/uploads\/2020\/10\/feenix3.jpg\",\"width\":500,\"height\":500},{\"@type\":\"BreadcrumbList\",\"@id\":\"https:\/\/ravintolafeenix.fi\/#breadcrumb\",\"itemListElement\":[{\"@type\":\"ListItem\",\"position\":1,\"name\":\"Etusivu\",\"item\":\"https:\/\/ravintolafeenix.fi\/\"},{\"@type\":\"ListItem\",\"position\":2,\"name\":\"Etusivu\"}]},{\"@type\":\"WebSite\",\"@id\":\"https:\/\/ravintolafeenix.fi\/en\/#website\",\"url\":\"https:\/\/ravintolafeenix.fi\/en\/\",\"name\":\"Ravintola Feenix\",\"description\":\"Rovaniemen kattavin lounas\",\"publisher\":{\"@id\":\"https:\/\/ravintolafeenix.fi\/en\/#organization\"},\"potentialAction\":[{\"@type\":\"SearchAction\",\"target\":{\"@type\":\"EntryPoint\",\"urlTemplate\":\"https:\/\/ravintolafeenix.fi\/en\/?s={search_term_string}\"},\"query-input\":{\"@type\":\"PropertyValueSpecification\",\"valueRequired\":true,\"valueName\":\"search_term_string\"}}],\"inLanguage\":\"en-GB\"},{\"@type\":\"Organization\",\"@id\":\"https:\/\/ravintolafeenix.fi\/en\/#organization\",\"name\":\"Feenix Ravintolat\",\"url\":\"https:\/\/ravintolafeenix.fi\/en\/\",\"logo\":{\"@type\":\"ImageObject\",\"inLanguage\":\"en-GB\",\"@id\":\"https:\/\/ravintolafeenix.fi\/en\/#\/schema\/logo\/image\/\",\"url\":\"https:\/\/ravintolafeenix.fi\/wp-content\/uploads\/2020\/10\/Feenix_white.png\",\"contentUrl\":\"https:\/\/ravintolafeenix.fi\/wp-content\/uploads\/2020\/10\/Feenix_white.png\",\"width\":1676,\"height\":529,\"caption\":\"Feenix Ravintolat\"},\"image\":{\"@id\":\"https:\/\/ravintolafeenix.fi\/en\/#\/schema\/logo\/image\/\"},\"sameAs\":[\"https:\/\/www.facebook.com\/FeenixRavintola\/\",\"https:\/\/www.instagram.com\/ravintolafeenix\/\"]}]}<\/script>\n<!-- \/ Yoast SEO plugin. -->","yoast_head_json":{"title":"Lounas ja Catering - Ravintola Feenix - Rovaniemell\u00e4","description":"Feenix Ravintolat ja Catering-palvelumme tuovat maailman maut ulottuvillesi. Meilt\u00e4 maittavia bistron antimia sek\u00e4 lounasta my\u00f6s take away.","robots":{"index":"index","follow":"follow","max-snippet":"max-snippet:-1","max-image-preview":"max-image-preview:large","max-video-preview":"max-video-preview:-1"},"canonical":"https:\/\/ravintolafeenix.fi\/en\/","og_locale":"en_GB","og_type":"article","og_title":"Lounas ja Catering - Ravintola Feenix - Rovaniemell\u00e4","og_description":"Feenix Ravintolat ja Catering-palvelumme tuovat maailman maut ulottuvillesi. Meilt\u00e4 maittavia bistron antimia sek\u00e4 lounasta my\u00f6s take away.","og_url":"https:\/\/ravintolafeenix.fi\/en\/","og_site_name":"Ravintola Feenix","article_publisher":"https:\/\/www.facebook.com\/FeenixRavintola\/","article_modified_time":"2026-01-08T09:59:59+00:00","og_image":[{"width":500,"height":500,"url":"http:\/\/ravintolafeenix.fi\/wp-content\/uploads\/2020\/10\/feenix3.jpg","type":"image\/jpeg"}],"twitter_card":"summary_large_image","twitter_misc":{"Estimated reading time":"4 minutes"},"schema":{"@context":"https:\/\/schema.org","@graph":[{"@type":"WebPage","@id":"https:\/\/ravintolafeenix.fi\/","url":"https:\/\/ravintolafeenix.fi\/","name":"Lounas ja Catering - Ravintola Feenix - Rovaniemell\u00e4","isPartOf":{"@id":"https:\/\/ravintolafeenix.fi\/en\/#website"},"primaryImageOfPage":{"@id":"https:\/\/ravintolafeenix.fi\/#primaryimage"},"image":{"@id":"https:\/\/ravintolafeenix.fi\/#primaryimage"},"thumbnailUrl":"https:\/\/ravintolafeenix.fi\/wp-content\/uploads\/2020\/10\/feenix3.jpg","datePublished":"2020-10-08T12:19:12+00:00","dateModified":"2026-01-08T09:59:59+00:00","description":"Feenix Ravintolat ja Catering-palvelumme tuovat maailman maut ulottuvillesi. Meilt\u00e4 maittavia bistron antimia sek\u00e4 lounasta my\u00f6s take away.","breadcrumb":{"@id":"https:\/\/ravintolafeenix.fi\/#breadcrumb"},"inLanguage":"en-GB","potentialAction":[{"@type":"ReadAction","target":["https:\/\/ravintolafeenix.fi\/"]}]},{"@type":"ImageObject","inLanguage":"en-GB","@id":"https:\/\/ravintolafeenix.fi\/#primaryimage","url":"https:\/\/ravintolafeenix.fi\/wp-content\/uploads\/2020\/10\/feenix3.jpg","contentUrl":"https:\/\/ravintolafeenix.fi\/wp-content\/uploads\/2020\/10\/feenix3.jpg","width":500,"height":500},{"@type":"BreadcrumbList","@id":"https:\/\/ravintolafeenix.fi\/#breadcrumb","itemListElement":[{"@type":"ListItem","position":1,"name":"Etusivu","item":"https:\/\/ravintolafeenix.fi\/"},{"@type":"ListItem","position":2,"name":"Etusivu"}]},{"@type":"WebSite","@id":"https:\/\/ravintolafeenix.fi\/en\/#website","url":"https:\/\/ravintolafeenix.fi\/en\/","name":"Feenix Restaurant","description":"Rovaniemen kattavin lounas","publisher":{"@id":"https:\/\/ravintolafeenix.fi\/en\/#organization"},"potentialAction":[{"@type":"SearchAction","target":{"@type":"EntryPoint","urlTemplate":"https:\/\/ravintolafeenix.fi\/en\/?s={search_term_string}"},"query-input":{"@type":"PropertyValueSpecification","valueRequired":true,"valueName":"search_term_string"}}],"inLanguage":"en-GB"},{"@type":"Organization","@id":"https:\/\/ravintolafeenix.fi\/en\/#organization","name":"Feenix Restaurants","url":"https:\/\/ravintolafeenix.fi\/en\/","logo":{"@type":"ImageObject","inLanguage":"en-GB","@id":"https:\/\/ravintolafeenix.fi\/en\/#\/schema\/logo\/image\/","url":"https:\/\/ravintolafeenix.fi\/wp-content\/uploads\/2020\/10\/Feenix_white.png","contentUrl":"https:\/\/ravintolafeenix.fi\/wp-content\/uploads\/2020\/10\/Feenix_white.png","width":1676,"height":529,"caption":"Feenix Ravintolat"},"image":{"@id":"https:\/\/ravintolafeenix.fi\/en\/#\/schema\/logo\/image\/"},"sameAs":["https:\/\/www.facebook.com\/FeenixRavintola\/","https:\/\/www.instagram.com\/ravintolafeenix\/"]}]}},"_links":{"self":[{"href":"https:\/\/ravintolafeenix.fi\/en\/wp-json\/wp\/v2\/pages\/3430","targetHints":{"allow":["GET"]}}],"collection":[{"href":"https:\/\/ravintolafeenix.fi\/en\/wp-json\/wp\/v2\/pages"}],"about":[{"href":"https:\/\/ravintolafeenix.fi\/en\/wp-json\/wp\/v2\/types\/page"}],"author":[{"embeddable":true,"href":"https:\/\/ravintolafeenix.fi\/en\/wp-json\/wp\/v2\/users\/1"}],"replies":[{"embeddable":true,"href":"https:\/\/ravintolafeenix.fi\/en\/wp-json\/wp\/v2\/comments?post=3430"}],"version-history":[{"count":62,"href":"https:\/\/ravintolafeenix.fi\/en\/wp-json\/wp\/v2\/pages\/3430\/revisions"}],"predecessor-version":[{"id":7864,"href":"https:\/\/ravintolafeenix.fi\/en\/wp-json\/wp\/v2\/pages\/3430\/revisions\/7864"}],"wp:featuredmedia":[{"embeddable":true,"href":"https:\/\/ravintolafeenix.fi\/en\/wp-json\/wp\/v2\/media\/3807"}],"wp:attachment":[{"href":"https:\/\/ravintolafeenix.fi\/en\/wp-json\/wp\/v2\/media?parent=3430"}],"curies":[{"name":"wp","href":"https:\/\/api.w.org\/{rel}","templated":true}]}}