{"id":3450,"date":"2020-10-08T12:31:26","date_gmt":"2020-10-08T12:31:26","guid":{"rendered":"http:\/\/ravintolafeenix.fi\/?page_id=3450"},"modified":"2026-04-30T04:21:39","modified_gmt":"2026-04-30T04:21:39","slug":"feenix-minimani","status":"publish","type":"page","link":"https:\/\/ravintolafeenix.fi\/en\/feenix-minimani\/","title":{"rendered":"Feenix Minimani"},"content":{"rendered":"<p>[et_pb_section fb_built=&#8221;1&#8243; fullwidth=&#8221;on&#8221; disabled_on=&#8221;off|off|on&#8221; _builder_version=&#8221;4.16&#8243; _module_preset=&#8221;default&#8221; global_colors_info=&#8221;{}&#8221;][et_pb_fullwidth_image src=&#8221;https:\/\/ravintolafeenix.fi\/wp-content\/uploads\/2020\/10\/ravintola-feenix_minimani.mov&#8221; title_text=&#8221;ravintola feenix_minimani&#8221; _builder_version=&#8221;4.16&#8243; _module_preset=&#8221;default&#8221; global_colors_info=&#8221;{}&#8221;][\/et_pb_fullwidth_image][\/et_pb_section][et_pb_section fb_built=&#8221;1&#8243; disabled_on=&#8221;on|on|off&#8221; _builder_version=&#8221;4.16&#8243; background_color=&#8221;#d6d6d6&#8243; background_enable_image=&#8221;off&#8221; parallax=&#8221;on&#8221; background_video_mp4=&#8221;https:\/\/ravintolafeenix.fi\/wp-content\/uploads\/2020\/10\/bursa1.mp4&#8243; custom_padding=&#8221;200px||200px||false|false&#8221; global_colors_info=&#8221;{}&#8221;][et_pb_row _builder_version=&#8221;4.16&#8243; _module_preset=&#8221;default&#8221; global_colors_info=&#8221;{}&#8221;][et_pb_column type=&#8221;4_4&#8243; _builder_version=&#8221;4.16&#8243; _module_preset=&#8221;default&#8221; global_colors_info=&#8221;{}&#8221;][et_pb_text _builder_version=&#8221;4.16&#8243; _module_preset=&#8221;default&#8221; global_colors_info=&#8221;{}&#8221;]<\/p>\n<h1 style=\"text-align: center;\"><span style=\"color: #ffffff;\">FEENIX MINIMANI<\/span><\/h1>\n<p>[\/et_pb_text][et_pb_button button_url=&#8221;#lista&#8221; button_text=&#8221;Lounaslista&#8221; button_alignment=&#8221;center&#8221; _builder_version=&#8221;4.16&#8243; _module_preset=&#8221;default&#8221; global_colors_info=&#8221;{}&#8221;][\/et_pb_button][\/et_pb_column][\/et_pb_row][\/et_pb_section][et_pb_section fb_built=&#8221;1&#8243; disabled_on=&#8221;off|off|on&#8221; _builder_version=&#8221;4.16&#8243; _module_preset=&#8221;default&#8221; background_enable_color=&#8221;off&#8221; background_image=&#8221;https:\/\/ravintolafeenix.fi\/wp-content\/uploads\/2020\/10\/pattern_FEENIX-01.png&#8221; background_size=&#8221;initial&#8221; custom_padding=&#8221;48px||38px|||&#8221; global_colors_info=&#8221;{}&#8221;][et_pb_row _builder_version=&#8221;4.16&#8243; _module_preset=&#8221;default&#8221; global_colors_info=&#8221;{}&#8221;][et_pb_column type=&#8221;4_4&#8243; _builder_version=&#8221;4.16&#8243; _module_preset=&#8221;default&#8221; global_colors_info=&#8221;{}&#8221;][et_pb_text _builder_version=&#8221;4.16&#8243; _module_preset=&#8221;default&#8221; global_colors_info=&#8221;{}&#8221;]<\/p>\n<h1 style=\"text-align: center;\"><span style=\"color: #ffffff;\">FEENIX MINIMANI<\/span><\/h1>\n<p>[\/et_pb_text][et_pb_button button_url=&#8221;#lista&#8221; button_text=&#8221;Lounaslista&#8221; button_alignment=&#8221;center&#8221; _builder_version=&#8221;4.16&#8243; _module_preset=&#8221;default&#8221; global_colors_info=&#8221;{}&#8221;][\/et_pb_button][\/et_pb_column][\/et_pb_row][\/et_pb_section][et_pb_section fb_built=&#8221;1&#8243; module_id=&#8221;onnela&#8221; module_class=&#8221;onnela&#8221; _builder_version=&#8221;4.16&#8243; background_color=&#8221;rgba(255,255,255,0.26)&#8221; global_colors_info=&#8221;{}&#8221;][et_pb_row _builder_version=&#8221;4.16&#8243; _module_preset=&#8221;default&#8221; global_colors_info=&#8221;{}&#8221;][et_pb_column type=&#8221;4_4&#8243; _builder_version=&#8221;4.16&#8243; _module_preset=&#8221;default&#8221; global_colors_info=&#8221;{}&#8221;][et_pb_text disabled_on=&#8221;on|on|on&#8221; _builder_version=&#8221;4.17.4&#8243; _module_preset=&#8221;default&#8221; header_3_text_color=&#8221;#ffffff&#8221; header_3_font_size=&#8221;30px&#8221; background_color=&#8221;rgba(0,0,0,0.51)&#8221; background_image=&#8221;https:\/\/ravintolafeenix.fi\/wp-content\/uploads\/2020\/10\/feenix-10.jpg&#8221; background_blend=&#8221;overlay&#8221; custom_padding=&#8221;173px||177px||false|false&#8221; animation_style=&#8221;fade&#8221; link_option_url=&#8221;https:\/\/ravintolafeenix.fi\/kauppa&#8221; header_3_font_size_tablet=&#8221;&#8221; header_3_font_size_phone=&#8221;25px&#8221; header_3_font_size_last_edited=&#8221;on|phone&#8221; border_width_top=&#8221;5px&#8221; border_color_top=&#8221;#ffffff&#8221; border_width_right=&#8221;5px&#8221; border_color_right=&#8221;#ffffff&#8221; border_width_bottom=&#8221;5px&#8221; border_color_bottom=&#8221;#ffffff&#8221; border_width_left=&#8221;5px&#8221; border_color_left=&#8221;#ffffff&#8221; disabled=&#8221;on&#8221; global_colors_info=&#8221;{}&#8221; background__hover_enabled=&#8221;on|hover&#8221; background_color__hover=&#8221;rgba(0,0,0,0.28)&#8221; background_enable_color__hover=&#8221;on&#8221;][\/et_pb_text][et_pb_text _builder_version=&#8221;4.27.5&#8243; _module_preset=&#8221;default&#8221; global_colors_info=&#8221;{}&#8221;]<\/p>\n<h2><span style=\"font-weight: 400;\">Ravintola Feenix Minimani<\/span><\/h2>\n<p><span style=\"font-weight: 400;\"><\/span><\/p>\n<p><span style=\"font-weight: 400;\">Uusin ravintolamme, Feenix Buffet &amp; Bistro Minimani, avasi ovensa rovaniemell\u00e4 elokuussa 2020. Laadukas ja ammattitaidolla rakennettu lounas tuo maailman maut lautaselle.<\/span><\/p>\n<h2><\/h2>\n<p><span style=\"font-weight: 400;\">Feenix Buffet &amp; Bistro -ravintolan l\u00f6yd\u00e4t Minimani Rovaniemen tiloista, info-pistett\u00e4 vastap\u00e4\u00e4t\u00e4. Asiakaspaikkoja ravintolasta l\u00f6ytyy 120 henkil\u00f6lle. Sy\u00f6m\u00e4\u00e4n on helppo pist\u00e4yty\u00e4 my\u00f6s kauppareissun yhteydess\u00e4. Voit napata ruoat mukaan my\u00f6s Take Awayna!<\/span><\/p>\n<h2><\/h2>\n<p><b>Lounasbuffet<\/b><\/p>\n<p><span style=\"font-weight: 400;\">Lounas Feenix Minimanissa on saatavilla maanantaista lauantaihin klo 10.30\u201315.00. Vaihtuvan lounasmenun julkaisemme viikoittain. Voit hakea ruokaa mukaan my\u00f6s Take away -periaatteella.<\/span><\/p>\n<p><span style=\"font-weight: 400;\">Tule ja l\u00f6yd\u00e4 oma suosikkisi!<\/span><\/p>\n<p><span style=\"font-weight: 400;\"><\/span><\/p>\n<h2><\/h2>\n<p>[\/et_pb_text][et_pb_button button_url=&#8221;tel:+358413148814&#8243; button_text=&#8221;Soita t\u00e4st\u00e4&#8221; button_alignment=&#8221;center&#8221; _builder_version=&#8221;4.16&#8243; _module_preset=&#8221;default&#8221; custom_button=&#8221;on&#8221; button_text_color=&#8221;#ffffff&#8221; button_bg_color=&#8221;#191919&#8243; global_colors_info=&#8221;{}&#8221; button_text_size__hover_enabled=&#8221;on|hover&#8221; button_bg_color__hover_enabled=&#8221;on|hover&#8221; button_bg_color__hover=&#8221;rgba(25,25,25,0.66)&#8221; button_bg_enable_color__hover=&#8221;on&#8221;][\/et_pb_button][\/et_pb_column][\/et_pb_row][\/et_pb_section][et_pb_section fb_built=&#8221;1&#8243; custom_padding_last_edited=&#8221;on|tablet&#8221; module_id=&#8221;lista&#8221; module_class=&#8221;lista&#8221; _builder_version=&#8221;4.16&#8243; _module_preset=&#8221;default&#8221; background_color=&#8221;#000000&#8243; background_image=&#8221;https:\/\/ravintolafeenix.fi\/wp-content\/uploads\/2020\/10\/pattern_FEENIX-01.png&#8221; background_size=&#8221;initial&#8221; custom_padding=&#8221;105px||30px|||&#8221; custom_padding_tablet=&#8221;70px||70px||false|false&#8221; custom_padding_phone=&#8221;50px||50px||false|false&#8221; global_colors_info=&#8221;{}&#8221;][et_pb_row _builder_version=&#8221;4.16&#8243; _module_preset=&#8221;default&#8221; global_colors_info=&#8221;{}&#8221;][et_pb_column type=&#8221;4_4&#8243; _builder_version=&#8221;4.16&#8243; _module_preset=&#8221;default&#8221; global_colors_info=&#8221;{}&#8221;][et_pb_image src=&#8221;https:\/\/ravintolafeenix.fi\/wp-content\/uploads\/2020\/10\/minimani_white.png&#8221; title_text=&#8221;minimani_white&#8221; _builder_version=&#8221;4.16&#8243; _module_preset=&#8221;default&#8221; width=&#8221;20%&#8221; width_tablet=&#8221;22%&#8221; width_phone=&#8221;43%&#8221; width_last_edited=&#8221;on|phone&#8221; module_alignment=&#8221;center&#8221; global_colors_info=&#8221;{}&#8221;][\/et_pb_image][et_pb_text _builder_version=&#8221;4.27.5&#8243; _module_preset=&#8221;default&#8221; text_text_color=&#8221;#ffffff&#8221; header_text_color=&#8221;#ffffff&#8221; header_2_text_color=&#8221;#ffffff&#8221; custom_padding=&#8221;50px|||5px|false|false&#8221; global_colors_info=&#8221;{}&#8221;]<\/p>\n<h2 style=\"text-align: center;\">Lounaslista vko 18<\/h2>\n<p style=\"text-align: center;\"><span>Feenix Minimanin lounas tarjolla arkisin ja lauantaisin klo 10.30-15. <\/span><\/p>\n<p style=\"text-align: center;\"><span>Lounaan hinta 16,90\u20ac.<br \/><\/span><\/p>\n<p style=\"text-align: center;\">[\/et_pb_text][\/et_pb_column][\/et_pb_row][\/et_pb_section][et_pb_section fb_built=&#8221;1&#8243; _builder_version=&#8221;4.16&#8243; _module_preset=&#8221;default&#8221; global_colors_info=&#8221;{}&#8221;][et_pb_row _builder_version=&#8221;4.16&#8243; _module_preset=&#8221;default&#8221; custom_padding=&#8221;||25px|||&#8221; global_colors_info=&#8221;{}&#8221;][et_pb_column type=&#8221;4_4&#8243; _builder_version=&#8221;4.16&#8243; _module_preset=&#8221;default&#8221; global_colors_info=&#8221;{}&#8221;][\/et_pb_column][\/et_pb_row][et_pb_row _builder_version=&#8221;4.16&#8243; _module_preset=&#8221;default&#8221; global_colors_info=&#8221;{}&#8221;][et_pb_column type=&#8221;4_4&#8243; _builder_version=&#8221;4.16&#8243; _module_preset=&#8221;default&#8221; global_colors_info=&#8221;{}&#8221;][et_pb_text _builder_version=&#8221;4.27.5&#8243; _module_preset=&#8221;default&#8221; custom_padding=&#8221;|||5px||&#8221; hover_enabled=&#8221;0&#8243; locked=&#8221;off&#8221; global_colors_info=&#8221;{}&#8221; sticky_enabled=&#8221;0&#8243;]<\/p>\n<h4 style=\"text-align: center;\"><\/h4>\n<h4><strong> \u00a0 \u00a0 \u00a0 \u00a0 \u00a0 \u00a0 \u00a0 \u00a0 \u00a0 \u00a0 \u00a0 \u00a0 \u00a0 \u00a0 \u00a0 \u00a0 \u00a0 \u00a0 \u00a0 \u00a0 \u00a0 \u00a0 \u00a0 \u00a0 \u00a0 \u00a0 \u00a0 \u00a0 \u00a0 \u00a0 \u00a0 \u00a0 \u00a0 \u00a0 \u00a0 \u00a0 \u00a0 \u00a0 \u00a0 \u00a0<\/strong><\/h4>\n<p style=\"text-align: center;\"><strong>MAANANTAI<br \/><\/strong><\/p>\n<p style=\"text-align: center;\">Talon lihapullat &amp; yrttikermakastike (G,L)<br \/>Maissipaneroidut broilerin filebitsit &amp; sweetchili-aioli (G,M)<br \/>Vihannesratatouille (V,G)<br \/>Perunamuusia (G,L)<br \/>Jasminriisi\u00e4 (V,G)<br \/>Kermainen mets\u00e4sienikeitto (G,L)<br \/>Suklaamoussea (G,L)<br \/>Runsas salaattip\u00f6yt\u00e4<\/p>\n<p style=\"text-align: center;\"><strong>TIISTAI<br \/><\/strong><span><\/span><\/p>\n<p style=\"text-align: center;\">Porsaanleikett\u00e4 &amp; bearnaisemajoneesia (M)<br \/>Uunikanaa &amp; chimichurri-kastike (G,L)<br \/>Vihannespaistos (V,G)<br \/>Kermapeunat (G,L)<br \/>Jasminriisi\u00e4 (V,G)<br \/>Kookos-juures-sosekeittoa (G,L)<br \/>Lakritsivaahtoa (G,L)<br \/>Runsas salaattip\u00f6yt\u00e4<\/p>\n<p style=\"text-align: center;\"><strong>KESKIVIIKKO<\/strong><\/p>\n<p style=\"text-align: center;\">Riistak\u00e4ristys (G,L)<br \/>Kanapastaa &amp; parmesania (L)<br \/>Vihannespaistos (V,G)<br \/>Perunamuusia (G,L)<br \/>Jasminriisi\u00e4 (V,G)<br \/>Appelsiini-porkkanasosekeittoa (G,L)<br \/>Espressovaahtoa (G,L)<br \/>Runsas salaattip\u00f6yt\u00e4<\/p>\n<p style=\"text-align: center;\"><strong>TORSTAI<br \/><\/strong><\/p>\n<p style=\"text-align: center;\">BBQ porsaan ribsit (G,M)<br \/>Chicken &amp; chips + chili-aioli (G,M)<br \/>Uunivihannekset (V,G)<br \/>Perunakroketit (V,G)<br \/>Jasminriisi\u00e4 (V,G)<br \/>Kermainen artisokkasosekeitto (G,L)<br \/>Munkit (L)<br \/>Runsas salaattip\u00f6yt\u00e4<\/p>\n<p style=\"text-align: center;\"><strong>PERJANTAI<\/strong><\/p>\n<p style=\"text-align: center;\">Hauskaa vappua!<\/p>\n<p style=\"text-align: center;\"><span style=\"color: #ffffff;\">Savuporopastaa (L)<\/span><br \/><span style=\"color: #ffffff;\"> Maissipaneroitua broilerin filett\u00e4 &amp; dijon-aiolia \u00a0(G,M)<\/span><br \/><span style=\"color: #ffffff;\"> Hot wings (G,M)<\/span><br \/><span style=\"color: #ffffff;\"> Uunivihannekset (V,G)<\/span><br \/><span style=\"color: #ffffff;\"> Perunakroketit (V,G)<\/span><br \/><span style=\"color: #ffffff;\"> Jasminriisi\u00e4 (V,G)<\/span><br \/><span style=\"color: #ffffff;\"> Mustajuuri-kukkakaalisosekeittoa (G,L)<\/span><br \/><span style=\"color: #ffffff;\"> Espressovaahtoa (G,L)<\/span><br \/><span style=\"color: #ffffff;\"> Runsas salaattip\u00f6yt\u00e4<\/span><\/p>\n<p style=\"text-align: center;\"><strong><\/strong><span style=\"font-size: 24px;\"><\/span><strong>LAUANTAI<\/strong><\/p>\n<p style=\"text-align: center;\"><span style=\"color: #ffffff;\">Punaviini h\u00e4rk\u00e4\u00e4 (G,L)<\/span><br \/><span style=\"color: #ffffff;\">Kievin kanaa &amp; bearnaisea (L)<\/span><br \/><span style=\"color: #ffffff;\">Hot wings (G,M)<\/span><br \/><span style=\"color: #ffffff;\">Uunijuurekset (V,G)<\/span><br \/><span style=\"color: #ffffff;\">Parmesan-kermaperunat (G,L)<\/span><br \/><span style=\"color: #ffffff;\">Jasminriisi\u00e4 (V,G)<\/span><br \/><span style=\"color: #ffffff;\">Lohikeittoa (G,L)<\/span><br \/><span style=\"color: #ffffff;\">Talon tiramisua (L)<\/span><br \/><span style=\"color: #ffffff;\">Runsas salaattip\u00f6yt\u00e4<\/span><\/p>\n<p style=\"text-align: center;\"><strong><\/strong><\/p>\n<h5 style=\"text-align: center;\">Lounaaseen kuuluu my\u00f6s kahvi tai tee<\/h5>\n<p>Emme ota vastaan p\u00f6yt\u00e4varauksia lounasaikaan<\/p>\n<p>Pid\u00e4t\u00e4mme oikeuden listan muutoksiin<\/p>\n<p>&nbsp;<\/p>\n<p>&nbsp;<\/p>\n<p>&nbsp;<\/p>\n<p>&nbsp;<\/p>\n<p>&nbsp;<\/p>\n<p>&nbsp;<\/p>\n<p>&nbsp;<\/p>\n<p>[\/et_pb_text][\/et_pb_column][\/et_pb_row][\/et_pb_section][et_pb_section fb_built=&#8221;1&#8243; _builder_version=&#8221;4.16&#8243; background_color=&#8221;rgba(45,45,45,0.34)&#8221; background_image=&#8221;https:\/\/ravintolafeenix.fi\/wp-content\/uploads\/2020\/10\/feenix-19.jpg&#8221; background_blend=&#8221;overlay&#8221; global_colors_info=&#8221;{}&#8221;][et_pb_row _builder_version=&#8221;4.16&#8243; custom_padding=&#8221;200px||200px||false|false&#8221; global_colors_info=&#8221;{}&#8221;][et_pb_column type=&#8221;4_4&#8243; _builder_version=&#8221;4.16&#8243; global_colors_info=&#8221;{}&#8221;][\/et_pb_column][\/et_pb_row][\/et_pb_section][et_pb_section fb_built=&#8221;1&#8243; module_id=&#8221;bistro&#8221; module_class=&#8221;bistro&#8221; _builder_version=&#8221;4.16&#8243; _module_preset=&#8221;default&#8221; global_colors_info=&#8221;{}&#8221;][et_pb_row _builder_version=&#8221;4.16&#8243; _module_preset=&#8221;default&#8221; global_colors_info=&#8221;{}&#8221;][et_pb_column type=&#8221;4_4&#8243; _builder_version=&#8221;4.16&#8243; _module_preset=&#8221;default&#8221; global_colors_info=&#8221;{}&#8221;][\/et_pb_column][\/et_pb_row][et_pb_row _builder_version=&#8221;4.16&#8243; _module_preset=&#8221;default&#8221; global_colors_info=&#8221;{}&#8221;][et_pb_column type=&#8221;4_4&#8243; _builder_version=&#8221;4.16&#8243; _module_preset=&#8221;default&#8221; global_colors_info=&#8221;{}&#8221;][et_pb_divider color=&#8221;#000000&#8243; divider_position=&#8221;center&#8221; _builder_version=&#8221;4.16&#8243; _module_preset=&#8221;default&#8221; global_colors_info=&#8221;{}&#8221;][\/et_pb_divider][\/et_pb_column][\/et_pb_row][et_pb_row _builder_version=&#8221;4.16&#8243; _module_preset=&#8221;default&#8221; global_colors_info=&#8221;{}&#8221;][et_pb_column type=&#8221;4_4&#8243; _builder_version=&#8221;4.16&#8243; _module_preset=&#8221;default&#8221; global_colors_info=&#8221;{}&#8221;][et_pb_text _builder_version=&#8221;4.27.5&#8243; _module_preset=&#8221;default&#8221; global_colors_info=&#8221;{}&#8221;]<\/p>\n<h4><b>FEENIX MINIMANI AUKIOLOAJAT<\/b><\/h4>\n<p><b><\/b><\/p>\n<p>Ma-La klo 10.30-15<\/p>\n<p>Su suljettu<\/p>\n<p>&nbsp;<\/p>\n<p>&nbsp;<\/p>\n<p>&nbsp;<\/p>\n<p>&nbsp;<\/p>\n<h2><\/h2>\n<p>&nbsp;<\/p>\n<h4><b>Yhteystiedot<\/b><\/h4>\n<p><b><\/b><\/p>\n<p><span>041 314 8814<\/span><\/p>\n<p><span>posti@ravintolafeenix.fi<\/span><\/p>\n<p><span>Lampelankatu 3, 96100 Rovaniemi<\/span><\/p>\n<h2><\/h2>\n<p><span>Yksityistilaisuuksen j\u00e4rjest\u00e4minen ravintolassamme on mahdollista. Ota meihin yhteytt\u00e4 s\u00e4hk\u00f6postitse tai puhelimella. Voit my\u00f6s tulla k\u00e4ym\u00e4\u00e4n paikan p\u00e4\u00e4ll\u00e4 keskustelemassa tilaisuudestasi ja toiveistasi.<\/span><\/p>\n<p>[\/et_pb_text][\/et_pb_column][\/et_pb_row][\/et_pb_section]<\/p>\n","protected":false},"excerpt":{"rendered":"<p>FEENIX MINIMANIFEENIX MINIMANIRavintola Feenix Minimani Uusin ravintolamme, Feenix Buffet &amp; Bistro Minimani, avasi ovensa rovaniemell\u00e4 elokuussa 2020. Laadukas ja ammattitaidolla rakennettu lounas tuo maailman maut lautaselle. Feenix Buffet &amp; Bistro -ravintolan l\u00f6yd\u00e4t Minimani Rovaniemen tiloista, info-pistett\u00e4 vastap\u00e4\u00e4t\u00e4. Asiakaspaikkoja ravintolasta l\u00f6ytyy 120 henkil\u00f6lle. Sy\u00f6m\u00e4\u00e4n on helppo pist\u00e4yty\u00e4 my\u00f6s kauppareissun yhteydess\u00e4. Voit napata ruoat mukaan my\u00f6s Take [&hellip;]<\/p>\n","protected":false},"author":1,"featured_media":3805,"parent":0,"menu_order":0,"comment_status":"closed","ping_status":"closed","template":"","meta":{"_et_pb_use_builder":"on","_et_pb_old_content":"","_et_gb_content_width":"","footnotes":""},"class_list":["post-3450","page","type-page","status-publish","has-post-thumbnail","hentry"],"yoast_head":"<!-- This site is optimized with the Yoast SEO plugin v27.0 - https:\/\/yoast.com\/product\/yoast-seo-wordpress\/ -->\n<title>Feenix Minimani - Ravintola Feenix - Lounas Rovaniemell\u00e4<\/title>\n<meta name=\"description\" content=\"Feenix Buffet &amp; Bistro Minimani, avasi ovensa rovaniemell\u00e4 elokuussa 2020. Bistro menu tuo maailman maut lautaselle.\" \/>\n<meta name=\"robots\" content=\"index, follow, max-snippet:-1, max-image-preview:large, max-video-preview:-1\" \/>\n<link rel=\"canonical\" href=\"https:\/\/ravintolafeenix.fi\/en\/feenix-minimani\/\" \/>\n<meta property=\"og:locale\" content=\"en_GB\" \/>\n<meta property=\"og:type\" content=\"article\" \/>\n<meta property=\"og:title\" content=\"Feenix Minimani - Ravintola Feenix - Lounas Rovaniemell\u00e4\" \/>\n<meta property=\"og:description\" content=\"Feenix Buffet &amp; Bistro Minimani, avasi ovensa rovaniemell\u00e4 elokuussa 2020. Bistro menu tuo maailman maut lautaselle.\" \/>\n<meta property=\"og:url\" content=\"https:\/\/ravintolafeenix.fi\/en\/feenix-minimani\/\" \/>\n<meta property=\"og:site_name\" content=\"Ravintola Feenix\" \/>\n<meta property=\"article:publisher\" content=\"https:\/\/www.facebook.com\/FeenixRavintola\/\" \/>\n<meta property=\"article:modified_time\" content=\"2026-04-30T04:21:39+00:00\" \/>\n<meta property=\"og:image\" content=\"http:\/\/ravintolafeenix.fi\/wp-content\/uploads\/2020\/10\/feenix1.jpg\" \/>\n\t<meta property=\"og:image:width\" content=\"500\" \/>\n\t<meta property=\"og:image:height\" content=\"500\" \/>\n\t<meta property=\"og:image:type\" content=\"image\/jpeg\" \/>\n<meta name=\"twitter:card\" content=\"summary_large_image\" \/>\n<meta name=\"twitter:label1\" content=\"Estimated reading time\" \/>\n\t<meta name=\"twitter:data1\" content=\"4 minutes\" \/>\n<script type=\"application\/ld+json\" class=\"yoast-schema-graph\">{\"@context\":\"https:\/\/schema.org\",\"@graph\":[{\"@type\":\"WebPage\",\"@id\":\"https:\/\/ravintolafeenix.fi\/feenix-minimani\/\",\"url\":\"https:\/\/ravintolafeenix.fi\/feenix-minimani\/\",\"name\":\"Feenix Minimani - Ravintola Feenix - Lounas Rovaniemell\u00e4\",\"isPartOf\":{\"@id\":\"https:\/\/ravintolafeenix.fi\/en\/#website\"},\"primaryImageOfPage\":{\"@id\":\"https:\/\/ravintolafeenix.fi\/feenix-minimani\/#primaryimage\"},\"image\":{\"@id\":\"https:\/\/ravintolafeenix.fi\/feenix-minimani\/#primaryimage\"},\"thumbnailUrl\":\"https:\/\/ravintolafeenix.fi\/wp-content\/uploads\/2020\/10\/feenix1.jpg\",\"datePublished\":\"2020-10-08T12:31:26+00:00\",\"dateModified\":\"2026-04-30T04:21:39+00:00\",\"description\":\"Feenix Buffet & Bistro Minimani, avasi ovensa rovaniemell\u00e4 elokuussa 2020. Bistro menu tuo maailman maut lautaselle.\",\"breadcrumb\":{\"@id\":\"https:\/\/ravintolafeenix.fi\/feenix-minimani\/#breadcrumb\"},\"inLanguage\":\"en-GB\",\"potentialAction\":[{\"@type\":\"ReadAction\",\"target\":[\"https:\/\/ravintolafeenix.fi\/feenix-minimani\/\"]}]},{\"@type\":\"ImageObject\",\"inLanguage\":\"en-GB\",\"@id\":\"https:\/\/ravintolafeenix.fi\/feenix-minimani\/#primaryimage\",\"url\":\"https:\/\/ravintolafeenix.fi\/wp-content\/uploads\/2020\/10\/feenix1.jpg\",\"contentUrl\":\"https:\/\/ravintolafeenix.fi\/wp-content\/uploads\/2020\/10\/feenix1.jpg\",\"width\":500,\"height\":500},{\"@type\":\"BreadcrumbList\",\"@id\":\"https:\/\/ravintolafeenix.fi\/feenix-minimani\/#breadcrumb\",\"itemListElement\":[{\"@type\":\"ListItem\",\"position\":1,\"name\":\"Etusivu\",\"item\":\"https:\/\/ravintolafeenix.fi\/\"},{\"@type\":\"ListItem\",\"position\":2,\"name\":\"Feenix Minimani\"}]},{\"@type\":\"WebSite\",\"@id\":\"https:\/\/ravintolafeenix.fi\/en\/#website\",\"url\":\"https:\/\/ravintolafeenix.fi\/en\/\",\"name\":\"Ravintola Feenix\",\"description\":\"Rovaniemen kattavin lounas\",\"publisher\":{\"@id\":\"https:\/\/ravintolafeenix.fi\/en\/#organization\"},\"potentialAction\":[{\"@type\":\"SearchAction\",\"target\":{\"@type\":\"EntryPoint\",\"urlTemplate\":\"https:\/\/ravintolafeenix.fi\/en\/?s={search_term_string}\"},\"query-input\":{\"@type\":\"PropertyValueSpecification\",\"valueRequired\":true,\"valueName\":\"search_term_string\"}}],\"inLanguage\":\"en-GB\"},{\"@type\":\"Organization\",\"@id\":\"https:\/\/ravintolafeenix.fi\/en\/#organization\",\"name\":\"Feenix Ravintolat\",\"url\":\"https:\/\/ravintolafeenix.fi\/en\/\",\"logo\":{\"@type\":\"ImageObject\",\"inLanguage\":\"en-GB\",\"@id\":\"https:\/\/ravintolafeenix.fi\/en\/#\/schema\/logo\/image\/\",\"url\":\"https:\/\/ravintolafeenix.fi\/wp-content\/uploads\/2020\/10\/Feenix_white.png\",\"contentUrl\":\"https:\/\/ravintolafeenix.fi\/wp-content\/uploads\/2020\/10\/Feenix_white.png\",\"width\":1676,\"height\":529,\"caption\":\"Feenix Ravintolat\"},\"image\":{\"@id\":\"https:\/\/ravintolafeenix.fi\/en\/#\/schema\/logo\/image\/\"},\"sameAs\":[\"https:\/\/www.facebook.com\/FeenixRavintola\/\",\"https:\/\/www.instagram.com\/ravintolafeenix\/\"]}]}<\/script>\n<!-- \/ Yoast SEO plugin. -->","yoast_head_json":{"title":"Feenix Minimani - Ravintola Feenix - Lounas Rovaniemell\u00e4","description":"Feenix Buffet & Bistro Minimani, avasi ovensa rovaniemell\u00e4 elokuussa 2020. Bistro menu tuo maailman maut lautaselle.","robots":{"index":"index","follow":"follow","max-snippet":"max-snippet:-1","max-image-preview":"max-image-preview:large","max-video-preview":"max-video-preview:-1"},"canonical":"https:\/\/ravintolafeenix.fi\/en\/feenix-minimani\/","og_locale":"en_GB","og_type":"article","og_title":"Feenix Minimani - Ravintola Feenix - Lounas Rovaniemell\u00e4","og_description":"Feenix Buffet & Bistro Minimani, avasi ovensa rovaniemell\u00e4 elokuussa 2020. Bistro menu tuo maailman maut lautaselle.","og_url":"https:\/\/ravintolafeenix.fi\/en\/feenix-minimani\/","og_site_name":"Ravintola Feenix","article_publisher":"https:\/\/www.facebook.com\/FeenixRavintola\/","article_modified_time":"2026-04-30T04:21:39+00:00","og_image":[{"width":500,"height":500,"url":"http:\/\/ravintolafeenix.fi\/wp-content\/uploads\/2020\/10\/feenix1.jpg","type":"image\/jpeg"}],"twitter_card":"summary_large_image","twitter_misc":{"Estimated reading time":"4 minutes"},"schema":{"@context":"https:\/\/schema.org","@graph":[{"@type":"WebPage","@id":"https:\/\/ravintolafeenix.fi\/feenix-minimani\/","url":"https:\/\/ravintolafeenix.fi\/feenix-minimani\/","name":"Feenix Minimani - Ravintola Feenix - Lounas Rovaniemell\u00e4","isPartOf":{"@id":"https:\/\/ravintolafeenix.fi\/en\/#website"},"primaryImageOfPage":{"@id":"https:\/\/ravintolafeenix.fi\/feenix-minimani\/#primaryimage"},"image":{"@id":"https:\/\/ravintolafeenix.fi\/feenix-minimani\/#primaryimage"},"thumbnailUrl":"https:\/\/ravintolafeenix.fi\/wp-content\/uploads\/2020\/10\/feenix1.jpg","datePublished":"2020-10-08T12:31:26+00:00","dateModified":"2026-04-30T04:21:39+00:00","description":"Feenix Buffet & Bistro Minimani, avasi ovensa rovaniemell\u00e4 elokuussa 2020. Bistro menu tuo maailman maut lautaselle.","breadcrumb":{"@id":"https:\/\/ravintolafeenix.fi\/feenix-minimani\/#breadcrumb"},"inLanguage":"en-GB","potentialAction":[{"@type":"ReadAction","target":["https:\/\/ravintolafeenix.fi\/feenix-minimani\/"]}]},{"@type":"ImageObject","inLanguage":"en-GB","@id":"https:\/\/ravintolafeenix.fi\/feenix-minimani\/#primaryimage","url":"https:\/\/ravintolafeenix.fi\/wp-content\/uploads\/2020\/10\/feenix1.jpg","contentUrl":"https:\/\/ravintolafeenix.fi\/wp-content\/uploads\/2020\/10\/feenix1.jpg","width":500,"height":500},{"@type":"BreadcrumbList","@id":"https:\/\/ravintolafeenix.fi\/feenix-minimani\/#breadcrumb","itemListElement":[{"@type":"ListItem","position":1,"name":"Etusivu","item":"https:\/\/ravintolafeenix.fi\/"},{"@type":"ListItem","position":2,"name":"Feenix Minimani"}]},{"@type":"WebSite","@id":"https:\/\/ravintolafeenix.fi\/en\/#website","url":"https:\/\/ravintolafeenix.fi\/en\/","name":"Feenix Restaurant","description":"Rovaniemen kattavin lounas","publisher":{"@id":"https:\/\/ravintolafeenix.fi\/en\/#organization"},"potentialAction":[{"@type":"SearchAction","target":{"@type":"EntryPoint","urlTemplate":"https:\/\/ravintolafeenix.fi\/en\/?s={search_term_string}"},"query-input":{"@type":"PropertyValueSpecification","valueRequired":true,"valueName":"search_term_string"}}],"inLanguage":"en-GB"},{"@type":"Organization","@id":"https:\/\/ravintolafeenix.fi\/en\/#organization","name":"Feenix Restaurants","url":"https:\/\/ravintolafeenix.fi\/en\/","logo":{"@type":"ImageObject","inLanguage":"en-GB","@id":"https:\/\/ravintolafeenix.fi\/en\/#\/schema\/logo\/image\/","url":"https:\/\/ravintolafeenix.fi\/wp-content\/uploads\/2020\/10\/Feenix_white.png","contentUrl":"https:\/\/ravintolafeenix.fi\/wp-content\/uploads\/2020\/10\/Feenix_white.png","width":1676,"height":529,"caption":"Feenix Ravintolat"},"image":{"@id":"https:\/\/ravintolafeenix.fi\/en\/#\/schema\/logo\/image\/"},"sameAs":["https:\/\/www.facebook.com\/FeenixRavintola\/","https:\/\/www.instagram.com\/ravintolafeenix\/"]}]}},"_links":{"self":[{"href":"https:\/\/ravintolafeenix.fi\/en\/wp-json\/wp\/v2\/pages\/3450","targetHints":{"allow":["GET"]}}],"collection":[{"href":"https:\/\/ravintolafeenix.fi\/en\/wp-json\/wp\/v2\/pages"}],"about":[{"href":"https:\/\/ravintolafeenix.fi\/en\/wp-json\/wp\/v2\/types\/page"}],"author":[{"embeddable":true,"href":"https:\/\/ravintolafeenix.fi\/en\/wp-json\/wp\/v2\/users\/1"}],"replies":[{"embeddable":true,"href":"https:\/\/ravintolafeenix.fi\/en\/wp-json\/wp\/v2\/comments?post=3450"}],"version-history":[{"count":815,"href":"https:\/\/ravintolafeenix.fi\/en\/wp-json\/wp\/v2\/pages\/3450\/revisions"}],"predecessor-version":[{"id":8137,"href":"https:\/\/ravintolafeenix.fi\/en\/wp-json\/wp\/v2\/pages\/3450\/revisions\/8137"}],"wp:featuredmedia":[{"embeddable":true,"href":"https:\/\/ravintolafeenix.fi\/en\/wp-json\/wp\/v2\/media\/3805"}],"wp:attachment":[{"href":"https:\/\/ravintolafeenix.fi\/en\/wp-json\/wp\/v2\/media?parent=3450"}],"curies":[{"name":"wp","href":"https:\/\/api.w.org\/{rel}","templated":true}]}}