{"id":3528,"date":"2020-10-08T13:14:40","date_gmt":"2020-10-08T13:14:40","guid":{"rendered":"http:\/\/ravintolafeenix.fi\/?page_id=3528"},"modified":"2021-09-19T18:27:19","modified_gmt":"2021-09-19T18:27:19","slug":"gyros","status":"publish","type":"page","link":"https:\/\/ravintolafeenix.fi\/en\/gyros\/","title":{"rendered":"Gyros"},"content":{"rendered":"<p>[et_pb_section fb_built=&#8221;1&#8243; custom_padding_last_edited=&#8221;on|phone&#8221; _builder_version=&#8221;4.5.1&#8243; background_color=&#8221;rgba(0,0,0,0.44)&#8221; background_image=&#8221;https:\/\/ravintolafeenix.fi\/wp-content\/uploads\/2020\/10\/feenix-16.jpg&#8221; background_blend=&#8221;overlay&#8221; custom_padding=&#8221;97px||142px|||&#8221; custom_padding_tablet=&#8221;50px||||false|false&#8221; custom_padding_phone=&#8221;&#8221;][et_pb_row custom_padding_last_edited=&#8221;on|phone&#8221; _builder_version=&#8221;4.3.2&#8243; custom_padding=&#8221;116px|||||&#8221; custom_padding_tablet=&#8221;&#8221; custom_padding_phone=&#8221;||50px||false|false&#8221;][et_pb_column type=&#8221;4_4&#8243; _builder_version=&#8221;4.3.2&#8243;][et_pb_text _builder_version=&#8221;4.5.1&#8243; _module_preset=&#8221;default&#8221;]<\/p>\n<h1 style=\"text-align: center;\"><span style=\"color: #ffffff;\">FEENIX GYROS<\/span><\/h1>\n<p>[\/et_pb_text][\/et_pb_column][\/et_pb_row][\/et_pb_section][et_pb_section fb_built=&#8221;1&#8243; module_id=&#8221;onnela&#8221; module_class=&#8221;onnela&#8221; _builder_version=&#8221;4.5.1&#8243; background_color=&#8221;rgba(255,255,255,0.26)&#8221;][et_pb_row _builder_version=&#8221;4.5.1&#8243; _module_preset=&#8221;default&#8221;][et_pb_column type=&#8221;4_4&#8243; _builder_version=&#8221;4.5.1&#8243; _module_preset=&#8221;default&#8221;][et_pb_text _builder_version=&#8221;4.7.7&#8243; _module_preset=&#8221;default&#8221; hover_enabled=&#8221;0&#8243; sticky_enabled=&#8221;0&#8243;]<\/p>\n<h3><strong>GYROS<\/strong><\/h3>\n<p><strong><\/strong><\/p>\n<p><span style=\"font-weight: 400;\">Gyroksemme muuttaa ajatuksesi kebabista. Monelle Keski-Euroopasta ja id\u00e4st\u00e4 tuttu gyros vuollaan kebabin tavoin paistetusta pystyvartaasta, tarjoillaan pitaleiv\u00e4n v\u00e4liss\u00e4 tai sen kanssa lisukkeiden, kuten maustetun jogurtin ja kaalisalaatin kanssa. Aito maku on taattu, sill\u00e4 gyroksemme on puhtaasti paistista pinottua varrasta, eik\u00e4 se sis\u00e4ll\u00e4 lis\u00e4aineita. Valmistamme gyroksen itse Rovaniemell\u00e4.<\/span><\/p>\n<p>&nbsp;<\/p>\n<p><a href=\"https:\/\/ravintolafeenix.fi\/feenix-minimani\/\"><span style=\"font-weight: 400;\">Feenix Minimanin <\/span><\/a><span style=\"font-weight: 400;\">Bistro menulta l\u00f6yd\u00e4t sek\u00e4 possu ett\u00e4 kana gyrosta. Voit tilata ruoat mukaan my\u00f6s Take Awayna.<\/span><\/p>\n<p>&nbsp;<\/p>\n<p>&nbsp;<\/p>\n<p><strong><\/strong><\/p>\n<p>[\/et_pb_text][\/et_pb_column][\/et_pb_row][\/et_pb_section][et_pb_section fb_built=&#8221;1&#8243; _builder_version=&#8221;4.5.1&#8243; background_color=&#8221;rgba(10,10,10,0.61)&#8221; background_image=&#8221;https:\/\/ravintolafeenix.fi\/wp-content\/uploads\/2020\/10\/feenix-02.jpg&#8221; background_blend=&#8221;overlay&#8221;][et_pb_row _builder_version=&#8221;4.3.2&#8243; custom_padding=&#8221;200px||200px||false|false&#8221;][et_pb_column type=&#8221;4_4&#8243; _builder_version=&#8221;4.3.2&#8243;][et_pb_text _builder_version=&#8221;4.5.1&#8243; header_2_text_color=&#8221;#FFFFFF&#8221; custom_padding=&#8221;||7px|||&#8221; header_2_text_shadow_style=&#8221;preset1&#8243;]<\/p>\n<h2 style=\"text-align: center;\">L\u00f6yd\u00e4t herkullisen Gyroksen kilohinnalla herkkubasaarista!<\/h2>\n<p>[\/et_pb_text][et_pb_button button_url=&#8221;https:\/\/ravintolafeenix.fi\/feenixherkkubasaari\/&#8221; button_text=&#8221;Herkkubasaari&#8221; button_alignment=&#8221;center&#8221; _builder_version=&#8221;4.5.1&#8243; _module_preset=&#8221;default&#8221;][\/et_pb_button][\/et_pb_column][\/et_pb_row][\/et_pb_section]<\/p>\n","protected":false},"excerpt":{"rendered":"<p>FEENIX GYROSGYROS Gyroksemme muuttaa ajatuksesi kebabista. Monelle Keski-Euroopasta ja id\u00e4st\u00e4 tuttu gyros vuollaan kebabin tavoin paistetusta pystyvartaasta, tarjoillaan pitaleiv\u00e4n v\u00e4liss\u00e4 tai sen kanssa lisukkeiden, kuten maustetun jogurtin ja kaalisalaatin kanssa. Aito maku on taattu, sill\u00e4 gyroksemme on puhtaasti paistista pinottua varrasta, eik\u00e4 se sis\u00e4ll\u00e4 lis\u00e4aineita. Valmistamme gyroksen itse Rovaniemell\u00e4. &nbsp; Feenix Minimanin Bistro menulta l\u00f6yd\u00e4t [&hellip;]<\/p>\n","protected":false},"author":1,"featured_media":3807,"parent":0,"menu_order":0,"comment_status":"closed","ping_status":"closed","template":"","meta":{"_et_pb_use_builder":"on","_et_pb_old_content":"","_et_gb_content_width":"","footnotes":""},"class_list":["post-3528","page","type-page","status-publish","has-post-thumbnail","hentry"],"yoast_head":"<!-- This site is optimized with the Yoast SEO plugin v27.0 - https:\/\/yoast.com\/product\/yoast-seo-wordpress\/ -->\n<title>Gyros - Ravintola Feenix - Rovaniemell\u00e4 - Tule ja maista!<\/title>\n<meta name=\"description\" content=\"Gyroksemme muuttaa ajatuksesi kebabista. Aito maku on taattu, sill\u00e4 gyroksemme on puhtaasti paistia, eik\u00e4 se sis\u00e4ll\u00e4 lis\u00e4aineita.\" \/>\n<meta name=\"robots\" content=\"index, follow, max-snippet:-1, max-image-preview:large, max-video-preview:-1\" \/>\n<link rel=\"canonical\" href=\"https:\/\/ravintolafeenix.fi\/en\/gyros\/\" \/>\n<meta property=\"og:locale\" content=\"en_GB\" \/>\n<meta property=\"og:type\" content=\"article\" \/>\n<meta property=\"og:title\" content=\"Gyros - Ravintola Feenix - Rovaniemell\u00e4 - Tule ja maista!\" \/>\n<meta property=\"og:description\" content=\"Gyroksemme muuttaa ajatuksesi kebabista. Aito maku on taattu, sill\u00e4 gyroksemme on puhtaasti paistia, eik\u00e4 se sis\u00e4ll\u00e4 lis\u00e4aineita.\" \/>\n<meta property=\"og:url\" content=\"https:\/\/ravintolafeenix.fi\/en\/gyros\/\" \/>\n<meta property=\"og:site_name\" content=\"Ravintola Feenix\" \/>\n<meta property=\"article:publisher\" content=\"https:\/\/www.facebook.com\/FeenixRavintola\/\" \/>\n<meta property=\"article:modified_time\" content=\"2021-09-19T18:27:19+00:00\" \/>\n<meta property=\"og:image\" content=\"https:\/\/ravintolafeenix.fi\/wp-content\/uploads\/2020\/10\/feenix3.jpg\" \/>\n\t<meta property=\"og:image:width\" content=\"500\" \/>\n\t<meta property=\"og:image:height\" content=\"500\" \/>\n\t<meta property=\"og:image:type\" content=\"image\/jpeg\" \/>\n<meta name=\"twitter:card\" content=\"summary_large_image\" \/>\n<meta name=\"twitter:label1\" content=\"Estimated reading time\" \/>\n\t<meta name=\"twitter:data1\" content=\"2 minutes\" \/>\n<script type=\"application\/ld+json\" class=\"yoast-schema-graph\">{\"@context\":\"https:\/\/schema.org\",\"@graph\":[{\"@type\":\"WebPage\",\"@id\":\"https:\/\/ravintolafeenix.fi\/gyros\/\",\"url\":\"https:\/\/ravintolafeenix.fi\/gyros\/\",\"name\":\"Gyros - Ravintola Feenix - Rovaniemell\u00e4 - Tule ja maista!\",\"isPartOf\":{\"@id\":\"https:\/\/ravintolafeenix.fi\/en\/#website\"},\"primaryImageOfPage\":{\"@id\":\"https:\/\/ravintolafeenix.fi\/gyros\/#primaryimage\"},\"image\":{\"@id\":\"https:\/\/ravintolafeenix.fi\/gyros\/#primaryimage\"},\"thumbnailUrl\":\"https:\/\/ravintolafeenix.fi\/wp-content\/uploads\/2020\/10\/feenix3.jpg\",\"datePublished\":\"2020-10-08T13:14:40+00:00\",\"dateModified\":\"2021-09-19T18:27:19+00:00\",\"description\":\"Gyroksemme muuttaa ajatuksesi kebabista. Aito maku on taattu, sill\u00e4 gyroksemme on puhtaasti paistia, eik\u00e4 se sis\u00e4ll\u00e4 lis\u00e4aineita.\",\"breadcrumb\":{\"@id\":\"https:\/\/ravintolafeenix.fi\/gyros\/#breadcrumb\"},\"inLanguage\":\"en-GB\",\"potentialAction\":[{\"@type\":\"ReadAction\",\"target\":[\"https:\/\/ravintolafeenix.fi\/gyros\/\"]}]},{\"@type\":\"ImageObject\",\"inLanguage\":\"en-GB\",\"@id\":\"https:\/\/ravintolafeenix.fi\/gyros\/#primaryimage\",\"url\":\"https:\/\/ravintolafeenix.fi\/wp-content\/uploads\/2020\/10\/feenix3.jpg\",\"contentUrl\":\"https:\/\/ravintolafeenix.fi\/wp-content\/uploads\/2020\/10\/feenix3.jpg\",\"width\":500,\"height\":500},{\"@type\":\"BreadcrumbList\",\"@id\":\"https:\/\/ravintolafeenix.fi\/gyros\/#breadcrumb\",\"itemListElement\":[{\"@type\":\"ListItem\",\"position\":1,\"name\":\"Etusivu\",\"item\":\"https:\/\/ravintolafeenix.fi\/\"},{\"@type\":\"ListItem\",\"position\":2,\"name\":\"Gyros\"}]},{\"@type\":\"WebSite\",\"@id\":\"https:\/\/ravintolafeenix.fi\/en\/#website\",\"url\":\"https:\/\/ravintolafeenix.fi\/en\/\",\"name\":\"Ravintola Feenix\",\"description\":\"Rovaniemen kattavin lounas\",\"publisher\":{\"@id\":\"https:\/\/ravintolafeenix.fi\/en\/#organization\"},\"potentialAction\":[{\"@type\":\"SearchAction\",\"target\":{\"@type\":\"EntryPoint\",\"urlTemplate\":\"https:\/\/ravintolafeenix.fi\/en\/?s={search_term_string}\"},\"query-input\":{\"@type\":\"PropertyValueSpecification\",\"valueRequired\":true,\"valueName\":\"search_term_string\"}}],\"inLanguage\":\"en-GB\"},{\"@type\":\"Organization\",\"@id\":\"https:\/\/ravintolafeenix.fi\/en\/#organization\",\"name\":\"Feenix Ravintolat\",\"url\":\"https:\/\/ravintolafeenix.fi\/en\/\",\"logo\":{\"@type\":\"ImageObject\",\"inLanguage\":\"en-GB\",\"@id\":\"https:\/\/ravintolafeenix.fi\/en\/#\/schema\/logo\/image\/\",\"url\":\"https:\/\/ravintolafeenix.fi\/wp-content\/uploads\/2020\/10\/Feenix_white.png\",\"contentUrl\":\"https:\/\/ravintolafeenix.fi\/wp-content\/uploads\/2020\/10\/Feenix_white.png\",\"width\":1676,\"height\":529,\"caption\":\"Feenix Ravintolat\"},\"image\":{\"@id\":\"https:\/\/ravintolafeenix.fi\/en\/#\/schema\/logo\/image\/\"},\"sameAs\":[\"https:\/\/www.facebook.com\/FeenixRavintola\/\",\"https:\/\/www.instagram.com\/ravintolafeenix\/\"]}]}<\/script>\n<!-- \/ Yoast SEO plugin. -->","yoast_head_json":{"title":"Gyros - Ravintola Feenix - Rovaniemell\u00e4 - Tule ja maista!","description":"Gyroksemme muuttaa ajatuksesi kebabista. Aito maku on taattu, sill\u00e4 gyroksemme on puhtaasti paistia, eik\u00e4 se sis\u00e4ll\u00e4 lis\u00e4aineita.","robots":{"index":"index","follow":"follow","max-snippet":"max-snippet:-1","max-image-preview":"max-image-preview:large","max-video-preview":"max-video-preview:-1"},"canonical":"https:\/\/ravintolafeenix.fi\/en\/gyros\/","og_locale":"en_GB","og_type":"article","og_title":"Gyros - Ravintola Feenix - Rovaniemell\u00e4 - Tule ja maista!","og_description":"Gyroksemme muuttaa ajatuksesi kebabista. Aito maku on taattu, sill\u00e4 gyroksemme on puhtaasti paistia, eik\u00e4 se sis\u00e4ll\u00e4 lis\u00e4aineita.","og_url":"https:\/\/ravintolafeenix.fi\/en\/gyros\/","og_site_name":"Ravintola Feenix","article_publisher":"https:\/\/www.facebook.com\/FeenixRavintola\/","article_modified_time":"2021-09-19T18:27:19+00:00","og_image":[{"width":500,"height":500,"url":"https:\/\/ravintolafeenix.fi\/wp-content\/uploads\/2020\/10\/feenix3.jpg","type":"image\/jpeg"}],"twitter_card":"summary_large_image","twitter_misc":{"Estimated reading time":"2 minutes"},"schema":{"@context":"https:\/\/schema.org","@graph":[{"@type":"WebPage","@id":"https:\/\/ravintolafeenix.fi\/gyros\/","url":"https:\/\/ravintolafeenix.fi\/gyros\/","name":"Gyros - Ravintola Feenix - Rovaniemell\u00e4 - Tule ja maista!","isPartOf":{"@id":"https:\/\/ravintolafeenix.fi\/en\/#website"},"primaryImageOfPage":{"@id":"https:\/\/ravintolafeenix.fi\/gyros\/#primaryimage"},"image":{"@id":"https:\/\/ravintolafeenix.fi\/gyros\/#primaryimage"},"thumbnailUrl":"https:\/\/ravintolafeenix.fi\/wp-content\/uploads\/2020\/10\/feenix3.jpg","datePublished":"2020-10-08T13:14:40+00:00","dateModified":"2021-09-19T18:27:19+00:00","description":"Gyroksemme muuttaa ajatuksesi kebabista. Aito maku on taattu, sill\u00e4 gyroksemme on puhtaasti paistia, eik\u00e4 se sis\u00e4ll\u00e4 lis\u00e4aineita.","breadcrumb":{"@id":"https:\/\/ravintolafeenix.fi\/gyros\/#breadcrumb"},"inLanguage":"en-GB","potentialAction":[{"@type":"ReadAction","target":["https:\/\/ravintolafeenix.fi\/gyros\/"]}]},{"@type":"ImageObject","inLanguage":"en-GB","@id":"https:\/\/ravintolafeenix.fi\/gyros\/#primaryimage","url":"https:\/\/ravintolafeenix.fi\/wp-content\/uploads\/2020\/10\/feenix3.jpg","contentUrl":"https:\/\/ravintolafeenix.fi\/wp-content\/uploads\/2020\/10\/feenix3.jpg","width":500,"height":500},{"@type":"BreadcrumbList","@id":"https:\/\/ravintolafeenix.fi\/gyros\/#breadcrumb","itemListElement":[{"@type":"ListItem","position":1,"name":"Etusivu","item":"https:\/\/ravintolafeenix.fi\/"},{"@type":"ListItem","position":2,"name":"Gyros"}]},{"@type":"WebSite","@id":"https:\/\/ravintolafeenix.fi\/en\/#website","url":"https:\/\/ravintolafeenix.fi\/en\/","name":"Feenix Restaurant","description":"Rovaniemen kattavin lounas","publisher":{"@id":"https:\/\/ravintolafeenix.fi\/en\/#organization"},"potentialAction":[{"@type":"SearchAction","target":{"@type":"EntryPoint","urlTemplate":"https:\/\/ravintolafeenix.fi\/en\/?s={search_term_string}"},"query-input":{"@type":"PropertyValueSpecification","valueRequired":true,"valueName":"search_term_string"}}],"inLanguage":"en-GB"},{"@type":"Organization","@id":"https:\/\/ravintolafeenix.fi\/en\/#organization","name":"Feenix Restaurants","url":"https:\/\/ravintolafeenix.fi\/en\/","logo":{"@type":"ImageObject","inLanguage":"en-GB","@id":"https:\/\/ravintolafeenix.fi\/en\/#\/schema\/logo\/image\/","url":"https:\/\/ravintolafeenix.fi\/wp-content\/uploads\/2020\/10\/Feenix_white.png","contentUrl":"https:\/\/ravintolafeenix.fi\/wp-content\/uploads\/2020\/10\/Feenix_white.png","width":1676,"height":529,"caption":"Feenix Ravintolat"},"image":{"@id":"https:\/\/ravintolafeenix.fi\/en\/#\/schema\/logo\/image\/"},"sameAs":["https:\/\/www.facebook.com\/FeenixRavintola\/","https:\/\/www.instagram.com\/ravintolafeenix\/"]}]}},"_links":{"self":[{"href":"https:\/\/ravintolafeenix.fi\/en\/wp-json\/wp\/v2\/pages\/3528","targetHints":{"allow":["GET"]}}],"collection":[{"href":"https:\/\/ravintolafeenix.fi\/en\/wp-json\/wp\/v2\/pages"}],"about":[{"href":"https:\/\/ravintolafeenix.fi\/en\/wp-json\/wp\/v2\/types\/page"}],"author":[{"embeddable":true,"href":"https:\/\/ravintolafeenix.fi\/en\/wp-json\/wp\/v2\/users\/1"}],"replies":[{"embeddable":true,"href":"https:\/\/ravintolafeenix.fi\/en\/wp-json\/wp\/v2\/comments?post=3528"}],"version-history":[{"count":11,"href":"https:\/\/ravintolafeenix.fi\/en\/wp-json\/wp\/v2\/pages\/3528\/revisions"}],"predecessor-version":[{"id":5461,"href":"https:\/\/ravintolafeenix.fi\/en\/wp-json\/wp\/v2\/pages\/3528\/revisions\/5461"}],"wp:featuredmedia":[{"embeddable":true,"href":"https:\/\/ravintolafeenix.fi\/en\/wp-json\/wp\/v2\/media\/3807"}],"wp:attachment":[{"href":"https:\/\/ravintolafeenix.fi\/en\/wp-json\/wp\/v2\/media?parent=3528"}],"curies":[{"name":"wp","href":"https:\/\/api.w.org\/{rel}","templated":true}]}}