{"id":3557,"date":"2020-10-08T13:39:32","date_gmt":"2020-10-08T13:39:32","guid":{"rendered":"http:\/\/ravintolafeenix.fi\/?page_id=3557"},"modified":"2026-02-15T17:31:22","modified_gmt":"2026-02-15T17:31:22","slug":"yhteystiedot","status":"publish","type":"page","link":"https:\/\/ravintolafeenix.fi\/en\/yhteystiedot\/","title":{"rendered":"Contact"},"content":{"rendered":"<p>[et_pb_section fb_built=&#8221;1&#8243; custom_padding_last_edited=&#8221;on|phone&#8221; _builder_version=&#8221;4.16&#8243; background_color=&#8221;rgba(0,0,0,0.15)&#8221; background_image=&#8221;https:\/\/ravintolafeenix.fi\/wp-content\/uploads\/2020\/10\/kaminburgerit-001-20-scaled.jpg&#8221; background_blend=&#8221;overlay&#8221; custom_padding=&#8221;146px||198px|||&#8221; custom_padding_tablet=&#8221;50px||||false|false&#8221; custom_padding_phone=&#8221;&#8221; global_colors_info=&#8221;{}&#8221;][et_pb_row custom_padding_last_edited=&#8221;on|phone&#8221; _builder_version=&#8221;4.16&#8243; custom_padding=&#8221;116px|||||&#8221; custom_padding_tablet=&#8221;&#8221; custom_padding_phone=&#8221;||50px||false|false&#8221; global_colors_info=&#8221;{}&#8221;][et_pb_column type=&#8221;4_4&#8243; _builder_version=&#8221;4.16&#8243; global_colors_info=&#8221;{}&#8221;][et_pb_text _builder_version=&#8221;4.16&#8243; _module_preset=&#8221;default&#8221; global_colors_info=&#8221;{}&#8221;]<\/p>\n<h1 style=\"text-align: center;\"><span style=\"color: #ffffff;\"><strong>YHTEYSTIEDOT<\/strong><\/span><\/h1>\n<p>[\/et_pb_text][\/et_pb_column][\/et_pb_row][\/et_pb_section][et_pb_section fb_built=&#8221;1&#8243; module_id=&#8221;onnela&#8221; module_class=&#8221;onnela&#8221; _builder_version=&#8221;4.16&#8243; background_color=&#8221;rgba(255,255,255,0.26)&#8221; global_colors_info=&#8221;{}&#8221;][et_pb_row column_structure=&#8221;1_2,1_2&#8243; _builder_version=&#8221;4.16&#8243; _module_preset=&#8221;default&#8221; global_colors_info=&#8221;{}&#8221;][et_pb_column type=&#8221;1_2&#8243; _builder_version=&#8221;4.16&#8243; _module_preset=&#8221;default&#8221; global_colors_info=&#8221;{}&#8221;][et_pb_text _builder_version=&#8221;4.16&#8243; _module_preset=&#8221;default&#8221; custom_padding=&#8221;||28px|||&#8221; global_colors_info=&#8221;{}&#8221;]<\/p>\n<h2><span style=\"text-decoration: underline;\">RAVINTOLAT<\/span><\/h2>\n<p>&nbsp;<\/p>\n<h3>Minimani<\/h3>\n<p><span style=\"font-weight: 400;\">Lampelankatu 3, 96100 Rovaniemi<\/span><br \/>posti@ravintolafeenix.fi<br \/><span style=\"font-weight: 400;\">041 314 8814<\/span><\/p>\n<p>&nbsp;<\/p>\n<h3>Rinteenkulma<\/h3>\n<p><span style=\"font-weight: 400;\">Koskikatu 25 S 3<\/span>, 96200 Rovaniemi\u00a0Finland<br \/>posti@ravintolafeenix.fi<br \/><span style=\"font-weight: 400;\">040 023 1223<\/span><\/p>\n<p>&nbsp;<\/p>\n<h3>Catering<\/h3>\n<p>posti@ravintolafeenix.fi<\/p>\n<p>&nbsp;<\/p>\n<p>[\/et_pb_text][\/et_pb_column][et_pb_column type=&#8221;1_2&#8243; _builder_version=&#8221;4.16&#8243; _module_preset=&#8221;default&#8221; global_colors_info=&#8221;{}&#8221;][et_pb_text _builder_version=&#8221;4.17.4&#8243; _module_preset=&#8221;default&#8221; text_line_height=&#8221;1em&#8221; custom_margin=&#8221;0px||||false|false&#8221; global_colors_info=&#8221;{}&#8221;]<\/p>\n<h2><span style=\"text-decoration: underline;\">HENKIL\u00d6T<\/span><\/h2>\n<p>&nbsp;<\/p>\n<h2>Kami<\/h2>\n<p><strong>Yritt\u00e4j\u00e4<\/strong><\/p>\n<p><a href=\"mailto:kami@ravintolafeenix.fi\">kami@ravintolafeenix.fi<\/a><\/p>\n<p>&nbsp;<\/p>\n<p>&nbsp;<\/p>\n<p>&nbsp;<\/p>\n<p>&nbsp;<\/p>\n<p>[\/et_pb_text][\/et_pb_column][\/et_pb_row][\/et_pb_section][et_pb_section fb_built=&#8221;1&#8243; _builder_version=&#8221;4.16&#8243; background_color=&#8221;rgba(45,45,45,0.34)&#8221; background_image=&#8221;https:\/\/ravintolafeenix.fi\/wp-content\/uploads\/2020\/10\/feenix-19.jpg&#8221; parallax=&#8221;on&#8221; parallax_method=&#8221;off&#8221; global_colors_info=&#8221;{}&#8221;][et_pb_row _builder_version=&#8221;4.16&#8243; custom_padding=&#8221;200px||200px||false|false&#8221; global_colors_info=&#8221;{}&#8221;][et_pb_column type=&#8221;4_4&#8243; _builder_version=&#8221;4.16&#8243; global_colors_info=&#8221;{}&#8221;][et_pb_text _builder_version=&#8221;4.16&#8243; header_2_text_color=&#8221;#FFFFFF&#8221; custom_padding=&#8221;||7px|||&#8221; header_2_text_shadow_style=&#8221;preset1&#8243; global_colors_info=&#8221;{}&#8221;]<\/p>\n<h2 style=\"text-align: center;\">TILAA MEILT\u00c4 CATERING TILAISUUTEESI!<\/h2>\n<p>[\/et_pb_text][et_pb_button button_url=&#8221;https:\/\/ravintolafeenix.fi\/feenix-catering\/&#8221; button_text=&#8221;Feenix Catering&#8221; button_alignment=&#8221;center&#8221; _builder_version=&#8221;4.16&#8243; _module_preset=&#8221;default&#8221; global_colors_info=&#8221;{}&#8221;][\/et_pb_button][\/et_pb_column][\/et_pb_row][\/et_pb_section]<\/p>\n","protected":false},"excerpt":{"rendered":"<p>YHTEYSTIEDOTRAVINTOLAT &nbsp; Minimani Lampelankatu 3, 96100 Rovaniemiposti@ravintolafeenix.fi041 314 8814 &nbsp; Rinteenkulma Koskikatu 25 S 3, 96200 Rovaniemi\u00a0Finlandposti@ravintolafeenix.fi040 023 1223 &nbsp; Catering posti@ravintolafeenix.fi &nbsp;HENKIL\u00d6T &nbsp; Kami Yritt\u00e4j\u00e4 kami@ravintolafeenix.fi &nbsp; &nbsp; &nbsp; &nbsp;TILAA MEILT\u00c4 CATERING TILAISUUTEESI!<\/p>","protected":false},"author":1,"featured_media":0,"parent":0,"menu_order":0,"comment_status":"closed","ping_status":"closed","template":"","meta":{"_et_pb_use_builder":"on","_et_pb_old_content":"","_et_gb_content_width":"","footnotes":""},"class_list":["post-3557","page","type-page","status-publish","hentry"],"yoast_head":"<!-- This site is optimized with the Yoast SEO plugin v27.0 - https:\/\/yoast.com\/product\/yoast-seo-wordpress\/ -->\n<title>Yhteystiedot - Ravintola Feenix<\/title>\n<meta name=\"robots\" content=\"index, follow, max-snippet:-1, max-image-preview:large, max-video-preview:-1\" \/>\n<link rel=\"canonical\" href=\"https:\/\/ravintolafeenix.fi\/en\/yhteystiedot\/\" \/>\n<meta property=\"og:locale\" content=\"en_GB\" \/>\n<meta property=\"og:type\" content=\"article\" \/>\n<meta property=\"og:title\" content=\"Yhteystiedot - Ravintola Feenix\" \/>\n<meta property=\"og:description\" content=\"YHTEYSTIEDOTRAVINTOLAT &nbsp; Minimani Lampelankatu 3, 96100 Rovaniemiposti@ravintolafeenix.fi041 314 8814 &nbsp; Rinteenkulma Koskikatu 25 S 3, 96200 Rovaniemi\u00a0Finlandposti@ravintolafeenix.fi040 023 1223 &nbsp; Catering posti@ravintolafeenix.fi &nbsp;HENKIL\u00d6T &nbsp; Kami Yritt\u00e4j\u00e4 kami@ravintolafeenix.fi &nbsp; &nbsp; &nbsp; &nbsp;TILAA MEILT\u00c4 CATERING TILAISUUTEESI!\" \/>\n<meta property=\"og:url\" content=\"https:\/\/ravintolafeenix.fi\/en\/yhteystiedot\/\" \/>\n<meta property=\"og:site_name\" content=\"Ravintola Feenix\" \/>\n<meta property=\"article:publisher\" content=\"https:\/\/www.facebook.com\/FeenixRavintola\/\" \/>\n<meta property=\"article:modified_time\" content=\"2026-02-15T17:31:22+00:00\" \/>\n<meta name=\"twitter:card\" content=\"summary_large_image\" \/>\n<meta name=\"twitter:label1\" content=\"Estimated reading time\" \/>\n\t<meta name=\"twitter:data1\" content=\"2 minutes\" \/>\n<script type=\"application\/ld+json\" class=\"yoast-schema-graph\">{\"@context\":\"https:\/\/schema.org\",\"@graph\":[{\"@type\":\"WebPage\",\"@id\":\"https:\/\/ravintolafeenix.fi\/yhteystiedot\/\",\"url\":\"https:\/\/ravintolafeenix.fi\/yhteystiedot\/\",\"name\":\"Yhteystiedot - Ravintola Feenix\",\"isPartOf\":{\"@id\":\"https:\/\/ravintolafeenix.fi\/en\/#website\"},\"datePublished\":\"2020-10-08T13:39:32+00:00\",\"dateModified\":\"2026-02-15T17:31:22+00:00\",\"breadcrumb\":{\"@id\":\"https:\/\/ravintolafeenix.fi\/yhteystiedot\/#breadcrumb\"},\"inLanguage\":\"en-GB\",\"potentialAction\":[{\"@type\":\"ReadAction\",\"target\":[\"https:\/\/ravintolafeenix.fi\/yhteystiedot\/\"]}]},{\"@type\":\"BreadcrumbList\",\"@id\":\"https:\/\/ravintolafeenix.fi\/yhteystiedot\/#breadcrumb\",\"itemListElement\":[{\"@type\":\"ListItem\",\"position\":1,\"name\":\"Etusivu\",\"item\":\"https:\/\/ravintolafeenix.fi\/\"},{\"@type\":\"ListItem\",\"position\":2,\"name\":\"Yhteystiedot\"}]},{\"@type\":\"WebSite\",\"@id\":\"https:\/\/ravintolafeenix.fi\/en\/#website\",\"url\":\"https:\/\/ravintolafeenix.fi\/en\/\",\"name\":\"Ravintola Feenix\",\"description\":\"Rovaniemen kattavin lounas\",\"publisher\":{\"@id\":\"https:\/\/ravintolafeenix.fi\/en\/#organization\"},\"potentialAction\":[{\"@type\":\"SearchAction\",\"target\":{\"@type\":\"EntryPoint\",\"urlTemplate\":\"https:\/\/ravintolafeenix.fi\/en\/?s={search_term_string}\"},\"query-input\":{\"@type\":\"PropertyValueSpecification\",\"valueRequired\":true,\"valueName\":\"search_term_string\"}}],\"inLanguage\":\"en-GB\"},{\"@type\":\"Organization\",\"@id\":\"https:\/\/ravintolafeenix.fi\/en\/#organization\",\"name\":\"Feenix Ravintolat\",\"url\":\"https:\/\/ravintolafeenix.fi\/en\/\",\"logo\":{\"@type\":\"ImageObject\",\"inLanguage\":\"en-GB\",\"@id\":\"https:\/\/ravintolafeenix.fi\/en\/#\/schema\/logo\/image\/\",\"url\":\"https:\/\/ravintolafeenix.fi\/wp-content\/uploads\/2020\/10\/Feenix_white.png\",\"contentUrl\":\"https:\/\/ravintolafeenix.fi\/wp-content\/uploads\/2020\/10\/Feenix_white.png\",\"width\":1676,\"height\":529,\"caption\":\"Feenix Ravintolat\"},\"image\":{\"@id\":\"https:\/\/ravintolafeenix.fi\/en\/#\/schema\/logo\/image\/\"},\"sameAs\":[\"https:\/\/www.facebook.com\/FeenixRavintola\/\",\"https:\/\/www.instagram.com\/ravintolafeenix\/\"]}]}<\/script>\n<!-- \/ Yoast SEO plugin. -->","yoast_head_json":{"title":"Yhteystiedot - Ravintola Feenix","robots":{"index":"index","follow":"follow","max-snippet":"max-snippet:-1","max-image-preview":"max-image-preview:large","max-video-preview":"max-video-preview:-1"},"canonical":"https:\/\/ravintolafeenix.fi\/en\/yhteystiedot\/","og_locale":"en_GB","og_type":"article","og_title":"Yhteystiedot - Ravintola Feenix","og_description":"YHTEYSTIEDOTRAVINTOLAT &nbsp; Minimani Lampelankatu 3, 96100 Rovaniemiposti@ravintolafeenix.fi041 314 8814 &nbsp; Rinteenkulma Koskikatu 25 S 3, 96200 Rovaniemi\u00a0Finlandposti@ravintolafeenix.fi040 023 1223 &nbsp; Catering posti@ravintolafeenix.fi &nbsp;HENKIL\u00d6T &nbsp; Kami Yritt\u00e4j\u00e4 kami@ravintolafeenix.fi &nbsp; &nbsp; &nbsp; &nbsp;TILAA MEILT\u00c4 CATERING TILAISUUTEESI!","og_url":"https:\/\/ravintolafeenix.fi\/en\/yhteystiedot\/","og_site_name":"Ravintola Feenix","article_publisher":"https:\/\/www.facebook.com\/FeenixRavintola\/","article_modified_time":"2026-02-15T17:31:22+00:00","twitter_card":"summary_large_image","twitter_misc":{"Estimated reading time":"2 minutes"},"schema":{"@context":"https:\/\/schema.org","@graph":[{"@type":"WebPage","@id":"https:\/\/ravintolafeenix.fi\/yhteystiedot\/","url":"https:\/\/ravintolafeenix.fi\/yhteystiedot\/","name":"Yhteystiedot - Ravintola Feenix","isPartOf":{"@id":"https:\/\/ravintolafeenix.fi\/en\/#website"},"datePublished":"2020-10-08T13:39:32+00:00","dateModified":"2026-02-15T17:31:22+00:00","breadcrumb":{"@id":"https:\/\/ravintolafeenix.fi\/yhteystiedot\/#breadcrumb"},"inLanguage":"en-GB","potentialAction":[{"@type":"ReadAction","target":["https:\/\/ravintolafeenix.fi\/yhteystiedot\/"]}]},{"@type":"BreadcrumbList","@id":"https:\/\/ravintolafeenix.fi\/yhteystiedot\/#breadcrumb","itemListElement":[{"@type":"ListItem","position":1,"name":"Etusivu","item":"https:\/\/ravintolafeenix.fi\/"},{"@type":"ListItem","position":2,"name":"Yhteystiedot"}]},{"@type":"WebSite","@id":"https:\/\/ravintolafeenix.fi\/en\/#website","url":"https:\/\/ravintolafeenix.fi\/en\/","name":"Feenix Restaurant","description":"Rovaniemen kattavin lounas","publisher":{"@id":"https:\/\/ravintolafeenix.fi\/en\/#organization"},"potentialAction":[{"@type":"SearchAction","target":{"@type":"EntryPoint","urlTemplate":"https:\/\/ravintolafeenix.fi\/en\/?s={search_term_string}"},"query-input":{"@type":"PropertyValueSpecification","valueRequired":true,"valueName":"search_term_string"}}],"inLanguage":"en-GB"},{"@type":"Organization","@id":"https:\/\/ravintolafeenix.fi\/en\/#organization","name":"Feenix Restaurants","url":"https:\/\/ravintolafeenix.fi\/en\/","logo":{"@type":"ImageObject","inLanguage":"en-GB","@id":"https:\/\/ravintolafeenix.fi\/en\/#\/schema\/logo\/image\/","url":"https:\/\/ravintolafeenix.fi\/wp-content\/uploads\/2020\/10\/Feenix_white.png","contentUrl":"https:\/\/ravintolafeenix.fi\/wp-content\/uploads\/2020\/10\/Feenix_white.png","width":1676,"height":529,"caption":"Feenix Ravintolat"},"image":{"@id":"https:\/\/ravintolafeenix.fi\/en\/#\/schema\/logo\/image\/"},"sameAs":["https:\/\/www.facebook.com\/FeenixRavintola\/","https:\/\/www.instagram.com\/ravintolafeenix\/"]}]}},"_links":{"self":[{"href":"https:\/\/ravintolafeenix.fi\/en\/wp-json\/wp\/v2\/pages\/3557","targetHints":{"allow":["GET"]}}],"collection":[{"href":"https:\/\/ravintolafeenix.fi\/en\/wp-json\/wp\/v2\/pages"}],"about":[{"href":"https:\/\/ravintolafeenix.fi\/en\/wp-json\/wp\/v2\/types\/page"}],"author":[{"embeddable":true,"href":"https:\/\/ravintolafeenix.fi\/en\/wp-json\/wp\/v2\/users\/1"}],"replies":[{"embeddable":true,"href":"https:\/\/ravintolafeenix.fi\/en\/wp-json\/wp\/v2\/comments?post=3557"}],"version-history":[{"count":25,"href":"https:\/\/ravintolafeenix.fi\/en\/wp-json\/wp\/v2\/pages\/3557\/revisions"}],"predecessor-version":[{"id":7600,"href":"https:\/\/ravintolafeenix.fi\/en\/wp-json\/wp\/v2\/pages\/3557\/revisions\/7600"}],"wp:attachment":[{"href":"https:\/\/ravintolafeenix.fi\/en\/wp-json\/wp\/v2\/media?parent=3557"}],"curies":[{"name":"wp","href":"https:\/\/api.w.org\/{rel}","templated":true}]}}