{"id":3666,"date":"2020-10-19T07:33:30","date_gmt":"2020-10-19T07:33:30","guid":{"rendered":"http:\/\/ravintolafeenix.fi\/?page_id=3666"},"modified":"2021-09-19T18:23:49","modified_gmt":"2021-09-19T18:23:49","slug":"feenix","status":"publish","type":"page","link":"https:\/\/ravintolafeenix.fi\/en\/feenix\/","title":{"rendered":"Feenix"},"content":{"rendered":"<p>[et_pb_section fb_built=&#8221;1&#8243; custom_padding_last_edited=&#8221;on|phone&#8221; _builder_version=&#8221;4.5.1&#8243; background_color=&#8221;rgba(0,0,0,0.39)&#8221; background_image=&#8221;https:\/\/ravintolafeenix.fi\/wp-content\/uploads\/2020\/10\/feenix-08.jpg&#8221; background_blend=&#8221;overlay&#8221; custom_padding=&#8221;124px||181px|||&#8221; custom_padding_tablet=&#8221;50px||||false|false&#8221; custom_padding_phone=&#8221;&#8221;][et_pb_row custom_padding_last_edited=&#8221;on|phone&#8221; _builder_version=&#8221;4.3.2&#8243; custom_padding=&#8221;46px|||||&#8221; custom_padding_tablet=&#8221;&#8221; custom_padding_phone=&#8221;||50px||false|false&#8221;][et_pb_column type=&#8221;4_4&#8243; _builder_version=&#8221;4.3.2&#8243;][et_pb_image src=&#8221;https:\/\/ravintolafeenix.fi\/wp-content\/uploads\/2020\/10\/Feenix_white.png&#8221; title_text=&#8221;Feenix_white&#8221; _builder_version=&#8221;4.5.1&#8243; _module_preset=&#8221;default&#8221; width=&#8221;27%&#8221; width_tablet=&#8221;36%&#8221; width_phone=&#8221;50%&#8221; width_last_edited=&#8221;on|desktop&#8221; module_alignment=&#8221;center&#8221;][\/et_pb_image][\/et_pb_column][\/et_pb_row][\/et_pb_section][et_pb_section fb_built=&#8221;1&#8243; module_id=&#8221;onnela&#8221; module_class=&#8221;onnela&#8221; _builder_version=&#8221;4.5.1&#8243; background_color=&#8221;rgba(255,255,255,0.26)&#8221;][et_pb_row _builder_version=&#8221;4.5.1&#8243; _module_preset=&#8221;default&#8221;][et_pb_column type=&#8221;4_4&#8243; _builder_version=&#8221;4.5.1&#8243; _module_preset=&#8221;default&#8221;][et_pb_text _builder_version=&#8221;4.7.7&#8243; _module_preset=&#8221;default&#8221; hover_enabled=&#8221;0&#8243; sticky_enabled=&#8221;0&#8243;]<\/p>\n<h2><b>Ravintola Feenix<\/b><\/h2>\n<p><b><\/b><\/p>\n<h2><\/h2>\n<p><a href=\"https:\/\/ravintolafeenix.fi\/Ravintolat\"><span style=\"font-weight: 400;\"><span style=\"text-decoration: underline;\">Feenix Ravintolat<\/span><\/span><\/a><span style=\"font-weight: 400;\"><a href=\"https:\/\/ravintolafeenix.fi\/feenixherkkubasaari\">\u00a0<\/a><\/span><span style=\"font-weight: 400;\">\u00a0<\/span><span style=\"font-weight: 400;\">ja <a href=\"https:\/\/ravintolafeenix.fi\/feenix-catering\/\"><span style=\"text-decoration: underline;\">Catering-palvelumme<\/span><\/a> tuovat maailman maut ulottuvillesi. Rovaniemell\u00e4 sijaitsevat ravintolamme tarjoilevat maistuvien, viikoittain vaihtuvien lounasmenujen rinnalla herkullisia Bistro-tyylist\u00e4 annoksia. Rennot Bistro Menumme tuovat yhteen huolella valitut laadukkaat raaka-aineet ja annoksista tunnistat grilli- ja pubiruoan suussasulavia makuja. Ravintoloista saat annokset mukaasi my\u00f6s Take away -periaatteella.<\/span><\/p>\n<h2><\/h2>\n<p><span style=\"font-weight: 400;\">Feenix-ravintoloiden ja Feenixin Catering-palvelun toiminnasta yhdess\u00e4 tiimins\u00e4 kanssa huolehtii pitk\u00e4n linjan rovaniemel\u00e4inen yritt\u00e4j\u00e4 Kami Abdeh.<\/span><\/p>\n<h2><\/h2>\n<p><b>Feenix &#8211; Rakkaudesta hyv\u00e4\u00e4n ruokaan<\/b><\/p>\n<h2><\/h2>\n<p><span style=\"font-weight: 400;\">Feenix-ravintolaketjun tarina ja nimi juontaa juurensa vuoteen 2011, jolloin yritys nousi kuin Feenixlintu tuhkasta. Rakkaus hyv\u00e4\u00e4 ruokaa kohtaan ja p\u00e4\u00e4tt\u00e4v\u00e4isyys uudistaa rovaniemen ravintolatarjontaa sys\u00e4si liikkeelle alati toimintaansa uudistavan ravintolaketjun.<\/span><\/p>\n<h2><\/h2>\n<p><span style=\"font-weight: 400;\">Kamin vaimonsa kanssa Ylikyl\u00e4st\u00e4 vuonna 2005 ostama liiketila, jossa he py\u00f6rittiv\u00e4t Ylikyl\u00e4n Keitaana tutuksi tullutta pizzeriaa, kioskia, karaokea ja asiamiespostia, paloi poroksi sen kivijalkaa my\u00f6ten syksyll\u00e4 2009. Vastoink\u00e4ymisist\u00e4 huolimatta sinnik\u00e4s yritt\u00e4j\u00e4 tiimeineen on saanut aikaan rovaniemel\u00e4isen menestystarinan, ketjun paikallisia ravintoloita, joissa ty\u00f6skentelee rovaniemel\u00e4isi\u00e4 ruoka-alan huippuosaajia.<\/span><\/p>\n<h2><\/h2>\n<p><span style=\"font-weight: 400;\">Yrityksemme ty\u00f6llist\u00e4\u00e4 Rovaniemell\u00e4 yli 10 henkil\u00f6\u00e4 ja kehit\u00e4mme toimintaamme jatkuvasti. Paikallisuus, laatu ja ravintola-alan asiantuntijuus on l\u00e4sn\u00e4 kaikessa mit\u00e4 teemme. Olemme omalta osaltamme sitoutuneet edist\u00e4m\u00e4\u00e4n ja kehitt\u00e4m\u00e4\u00e4n ruokailukulttuuria Rovaniemell\u00e4 ja Lapissa.<\/span><\/p>\n<h2><\/h2>\n<p><span style=\"font-weight: 400;\">Kaikki Feenixin toimipisteet ovat rovaniemel\u00e4isi\u00e4 Likiliikkeit\u00e4. Likiliike on merkki paikallisuudesta.<\/span><\/p>\n<p>[\/et_pb_text][et_pb_image src=&#8221;https:\/\/ravintolafeenix.fi\/wp-content\/uploads\/2020\/10\/Likiliike-Rovaniemi.png&#8221; title_text=&#8221;Likiliike-Rovaniemi&#8221; url=&#8221;https:\/\/likiliike.fi\/&#8221; align=&#8221;center&#8221; _builder_version=&#8221;4.5.1&#8243; _module_preset=&#8221;default&#8221; width=&#8221;22%&#8221; width_tablet=&#8221;29%&#8221; width_phone=&#8221;38%&#8221; width_last_edited=&#8221;on|phone&#8221; custom_padding=&#8221;40px|||||&#8221;][\/et_pb_image][\/et_pb_column][\/et_pb_row][\/et_pb_section][et_pb_section fb_built=&#8221;1&#8243; custom_padding_last_edited=&#8221;on|tablet&#8221; _builder_version=&#8221;4.5.1&#8243; _module_preset=&#8221;default&#8221; background_color=&#8221;#191919&#8243; custom_padding=&#8221;100px||100px||false|false&#8221; custom_padding_tablet=&#8221;70px||70px||false|false&#8221; custom_padding_phone=&#8221;50px||50px||false|false&#8221;][et_pb_row _builder_version=&#8221;4.6.1&#8243; _module_preset=&#8221;default&#8221;][et_pb_column type=&#8221;4_4&#8243; _builder_version=&#8221;4.6.1&#8243; _module_preset=&#8221;default&#8221;][et_pb_image src=&#8221;https:\/\/ravintolafeenix.fi\/wp-content\/uploads\/2020\/10\/Feenix_white.png&#8221; title_text=&#8221;Feenix_white&#8221; _builder_version=&#8221;4.5.1&#8243; _module_preset=&#8221;default&#8221; width=&#8221;20%&#8221; width_tablet=&#8221;22%&#8221; width_phone=&#8221;43%&#8221; width_last_edited=&#8221;on|phone&#8221; module_alignment=&#8221;center&#8221;][\/et_pb_image][\/et_pb_column][\/et_pb_row][\/et_pb_section][et_pb_section fb_built=&#8221;1&#8243; _builder_version=&#8221;4.5.1&#8243; background_color=&#8221;rgba(45,45,45,0.34)&#8221; background_image=&#8221;https:\/\/ravintolafeenix.fi\/wp-content\/uploads\/2020\/10\/kaminburgerit-001-16-scaled.jpg&#8221; parallax=&#8221;on&#8221; parallax_method=&#8221;off&#8221;][et_pb_row _builder_version=&#8221;4.3.2&#8243; custom_padding=&#8221;200px||200px||false|false&#8221;][et_pb_column type=&#8221;4_4&#8243; _builder_version=&#8221;4.3.2&#8243;][et_pb_text _builder_version=&#8221;4.5.1&#8243; header_2_text_color=&#8221;#FFFFFF&#8221; custom_padding=&#8221;||7px|||&#8221; header_2_text_shadow_style=&#8221;preset1&#8243;]<\/p>\n<h2 style=\"text-align: center;\">TULE MAISTAMAAN MAUKKAAT BURGERIMME\u00a0<\/h2>\n<p>[\/et_pb_text][et_pb_button button_url=&#8221;https:\/\/ravintolafeenix.fi\/feenix-minimani&#8221; button_text=&#8221;Feenix Minimani&#8221; button_alignment=&#8221;center&#8221; _builder_version=&#8221;4.5.1&#8243; _module_preset=&#8221;default&#8221;][\/et_pb_button][\/et_pb_column][\/et_pb_row][\/et_pb_section]<\/p>\n","protected":false},"excerpt":{"rendered":"<p>Ravintola Feenix Feenix Ravintolat\u00a0\u00a0ja Catering-palvelumme tuovat maailman maut ulottuvillesi. Rovaniemell\u00e4 sijaitsevat ravintolamme tarjoilevat maistuvien, viikoittain vaihtuvien lounasmenujen rinnalla herkullisia Bistro-tyylist\u00e4 annoksia. Rennot Bistro Menumme tuovat yhteen huolella valitut laadukkaat raaka-aineet ja annoksista tunnistat grilli- ja pubiruoan suussasulavia makuja. Ravintoloista saat annokset mukaasi my\u00f6s Take away -periaatteella. Feenix-ravintoloiden ja Feenixin Catering-palvelun toiminnasta yhdess\u00e4 tiimins\u00e4 kanssa huolehtii [&hellip;]<\/p>\n","protected":false},"author":1,"featured_media":3807,"parent":0,"menu_order":0,"comment_status":"closed","ping_status":"closed","template":"","meta":{"_et_pb_use_builder":"on","_et_pb_old_content":"","_et_gb_content_width":"","footnotes":""},"class_list":["post-3666","page","type-page","status-publish","has-post-thumbnail","hentry"],"yoast_head":"<!-- This site is optimized with the Yoast SEO plugin v27.0 - https:\/\/yoast.com\/product\/yoast-seo-wordpress\/ -->\n<title>Feenix Ravintolat - Ravintola Feenix - Rovaniemell\u00e4<\/title>\n<meta name=\"description\" content=\"Rovaniemell\u00e4 sijaitsevat ravintolamme tarjoilevat maistuvien, viikoittain vaihtuvien lounasmenujen rinnalla herkullisia Bistro-annoksia.\" \/>\n<meta name=\"robots\" content=\"index, follow, max-snippet:-1, max-image-preview:large, max-video-preview:-1\" \/>\n<link rel=\"canonical\" href=\"https:\/\/ravintolafeenix.fi\/en\/feenix\/\" \/>\n<meta property=\"og:locale\" content=\"en_GB\" \/>\n<meta property=\"og:type\" content=\"article\" \/>\n<meta property=\"og:title\" content=\"Feenix Ravintolat - Ravintola Feenix - Rovaniemell\u00e4\" \/>\n<meta property=\"og:description\" content=\"Rovaniemell\u00e4 sijaitsevat ravintolamme tarjoilevat maistuvien, viikoittain vaihtuvien lounasmenujen rinnalla herkullisia Bistro-annoksia.\" \/>\n<meta property=\"og:url\" content=\"https:\/\/ravintolafeenix.fi\/en\/feenix\/\" \/>\n<meta property=\"og:site_name\" content=\"Ravintola Feenix\" \/>\n<meta property=\"article:publisher\" content=\"https:\/\/www.facebook.com\/FeenixRavintola\/\" \/>\n<meta property=\"article:modified_time\" content=\"2021-09-19T18:23:49+00:00\" \/>\n<meta property=\"og:image\" content=\"https:\/\/ravintolafeenix.fi\/wp-content\/uploads\/2020\/10\/feenix3.jpg\" \/>\n\t<meta property=\"og:image:width\" content=\"500\" \/>\n\t<meta property=\"og:image:height\" content=\"500\" \/>\n\t<meta property=\"og:image:type\" content=\"image\/jpeg\" \/>\n<meta name=\"twitter:card\" content=\"summary_large_image\" \/>\n<meta name=\"twitter:label1\" content=\"Estimated reading time\" \/>\n\t<meta name=\"twitter:data1\" content=\"3 minutes\" \/>\n<script type=\"application\/ld+json\" class=\"yoast-schema-graph\">{\"@context\":\"https:\/\/schema.org\",\"@graph\":[{\"@type\":\"WebPage\",\"@id\":\"https:\/\/ravintolafeenix.fi\/feenix\/\",\"url\":\"https:\/\/ravintolafeenix.fi\/feenix\/\",\"name\":\"Feenix Ravintolat - Ravintola Feenix - Rovaniemell\u00e4\",\"isPartOf\":{\"@id\":\"https:\/\/ravintolafeenix.fi\/en\/#website\"},\"primaryImageOfPage\":{\"@id\":\"https:\/\/ravintolafeenix.fi\/feenix\/#primaryimage\"},\"image\":{\"@id\":\"https:\/\/ravintolafeenix.fi\/feenix\/#primaryimage\"},\"thumbnailUrl\":\"https:\/\/ravintolafeenix.fi\/wp-content\/uploads\/2020\/10\/feenix3.jpg\",\"datePublished\":\"2020-10-19T07:33:30+00:00\",\"dateModified\":\"2021-09-19T18:23:49+00:00\",\"description\":\"Rovaniemell\u00e4 sijaitsevat ravintolamme tarjoilevat maistuvien, viikoittain vaihtuvien lounasmenujen rinnalla herkullisia Bistro-annoksia.\",\"breadcrumb\":{\"@id\":\"https:\/\/ravintolafeenix.fi\/feenix\/#breadcrumb\"},\"inLanguage\":\"en-GB\",\"potentialAction\":[{\"@type\":\"ReadAction\",\"target\":[\"https:\/\/ravintolafeenix.fi\/feenix\/\"]}]},{\"@type\":\"ImageObject\",\"inLanguage\":\"en-GB\",\"@id\":\"https:\/\/ravintolafeenix.fi\/feenix\/#primaryimage\",\"url\":\"https:\/\/ravintolafeenix.fi\/wp-content\/uploads\/2020\/10\/feenix3.jpg\",\"contentUrl\":\"https:\/\/ravintolafeenix.fi\/wp-content\/uploads\/2020\/10\/feenix3.jpg\",\"width\":500,\"height\":500},{\"@type\":\"BreadcrumbList\",\"@id\":\"https:\/\/ravintolafeenix.fi\/feenix\/#breadcrumb\",\"itemListElement\":[{\"@type\":\"ListItem\",\"position\":1,\"name\":\"Etusivu\",\"item\":\"https:\/\/ravintolafeenix.fi\/\"},{\"@type\":\"ListItem\",\"position\":2,\"name\":\"Feenix\"}]},{\"@type\":\"WebSite\",\"@id\":\"https:\/\/ravintolafeenix.fi\/en\/#website\",\"url\":\"https:\/\/ravintolafeenix.fi\/en\/\",\"name\":\"Ravintola Feenix\",\"description\":\"Rovaniemen kattavin lounas\",\"publisher\":{\"@id\":\"https:\/\/ravintolafeenix.fi\/en\/#organization\"},\"potentialAction\":[{\"@type\":\"SearchAction\",\"target\":{\"@type\":\"EntryPoint\",\"urlTemplate\":\"https:\/\/ravintolafeenix.fi\/en\/?s={search_term_string}\"},\"query-input\":{\"@type\":\"PropertyValueSpecification\",\"valueRequired\":true,\"valueName\":\"search_term_string\"}}],\"inLanguage\":\"en-GB\"},{\"@type\":\"Organization\",\"@id\":\"https:\/\/ravintolafeenix.fi\/en\/#organization\",\"name\":\"Feenix Ravintolat\",\"url\":\"https:\/\/ravintolafeenix.fi\/en\/\",\"logo\":{\"@type\":\"ImageObject\",\"inLanguage\":\"en-GB\",\"@id\":\"https:\/\/ravintolafeenix.fi\/en\/#\/schema\/logo\/image\/\",\"url\":\"https:\/\/ravintolafeenix.fi\/wp-content\/uploads\/2020\/10\/Feenix_white.png\",\"contentUrl\":\"https:\/\/ravintolafeenix.fi\/wp-content\/uploads\/2020\/10\/Feenix_white.png\",\"width\":1676,\"height\":529,\"caption\":\"Feenix Ravintolat\"},\"image\":{\"@id\":\"https:\/\/ravintolafeenix.fi\/en\/#\/schema\/logo\/image\/\"},\"sameAs\":[\"https:\/\/www.facebook.com\/FeenixRavintola\/\",\"https:\/\/www.instagram.com\/ravintolafeenix\/\"]}]}<\/script>\n<!-- \/ Yoast SEO plugin. -->","yoast_head_json":{"title":"Feenix Ravintolat - Ravintola Feenix - Rovaniemell\u00e4","description":"Rovaniemell\u00e4 sijaitsevat ravintolamme tarjoilevat maistuvien, viikoittain vaihtuvien lounasmenujen rinnalla herkullisia Bistro-annoksia.","robots":{"index":"index","follow":"follow","max-snippet":"max-snippet:-1","max-image-preview":"max-image-preview:large","max-video-preview":"max-video-preview:-1"},"canonical":"https:\/\/ravintolafeenix.fi\/en\/feenix\/","og_locale":"en_GB","og_type":"article","og_title":"Feenix Ravintolat - Ravintola Feenix - Rovaniemell\u00e4","og_description":"Rovaniemell\u00e4 sijaitsevat ravintolamme tarjoilevat maistuvien, viikoittain vaihtuvien lounasmenujen rinnalla herkullisia Bistro-annoksia.","og_url":"https:\/\/ravintolafeenix.fi\/en\/feenix\/","og_site_name":"Ravintola Feenix","article_publisher":"https:\/\/www.facebook.com\/FeenixRavintola\/","article_modified_time":"2021-09-19T18:23:49+00:00","og_image":[{"width":500,"height":500,"url":"https:\/\/ravintolafeenix.fi\/wp-content\/uploads\/2020\/10\/feenix3.jpg","type":"image\/jpeg"}],"twitter_card":"summary_large_image","twitter_misc":{"Estimated reading time":"3 minutes"},"schema":{"@context":"https:\/\/schema.org","@graph":[{"@type":"WebPage","@id":"https:\/\/ravintolafeenix.fi\/feenix\/","url":"https:\/\/ravintolafeenix.fi\/feenix\/","name":"Feenix Ravintolat - Ravintola Feenix - Rovaniemell\u00e4","isPartOf":{"@id":"https:\/\/ravintolafeenix.fi\/en\/#website"},"primaryImageOfPage":{"@id":"https:\/\/ravintolafeenix.fi\/feenix\/#primaryimage"},"image":{"@id":"https:\/\/ravintolafeenix.fi\/feenix\/#primaryimage"},"thumbnailUrl":"https:\/\/ravintolafeenix.fi\/wp-content\/uploads\/2020\/10\/feenix3.jpg","datePublished":"2020-10-19T07:33:30+00:00","dateModified":"2021-09-19T18:23:49+00:00","description":"Rovaniemell\u00e4 sijaitsevat ravintolamme tarjoilevat maistuvien, viikoittain vaihtuvien lounasmenujen rinnalla herkullisia Bistro-annoksia.","breadcrumb":{"@id":"https:\/\/ravintolafeenix.fi\/feenix\/#breadcrumb"},"inLanguage":"en-GB","potentialAction":[{"@type":"ReadAction","target":["https:\/\/ravintolafeenix.fi\/feenix\/"]}]},{"@type":"ImageObject","inLanguage":"en-GB","@id":"https:\/\/ravintolafeenix.fi\/feenix\/#primaryimage","url":"https:\/\/ravintolafeenix.fi\/wp-content\/uploads\/2020\/10\/feenix3.jpg","contentUrl":"https:\/\/ravintolafeenix.fi\/wp-content\/uploads\/2020\/10\/feenix3.jpg","width":500,"height":500},{"@type":"BreadcrumbList","@id":"https:\/\/ravintolafeenix.fi\/feenix\/#breadcrumb","itemListElement":[{"@type":"ListItem","position":1,"name":"Etusivu","item":"https:\/\/ravintolafeenix.fi\/"},{"@type":"ListItem","position":2,"name":"Feenix"}]},{"@type":"WebSite","@id":"https:\/\/ravintolafeenix.fi\/en\/#website","url":"https:\/\/ravintolafeenix.fi\/en\/","name":"Feenix Restaurant","description":"Rovaniemen kattavin lounas","publisher":{"@id":"https:\/\/ravintolafeenix.fi\/en\/#organization"},"potentialAction":[{"@type":"SearchAction","target":{"@type":"EntryPoint","urlTemplate":"https:\/\/ravintolafeenix.fi\/en\/?s={search_term_string}"},"query-input":{"@type":"PropertyValueSpecification","valueRequired":true,"valueName":"search_term_string"}}],"inLanguage":"en-GB"},{"@type":"Organization","@id":"https:\/\/ravintolafeenix.fi\/en\/#organization","name":"Feenix Restaurants","url":"https:\/\/ravintolafeenix.fi\/en\/","logo":{"@type":"ImageObject","inLanguage":"en-GB","@id":"https:\/\/ravintolafeenix.fi\/en\/#\/schema\/logo\/image\/","url":"https:\/\/ravintolafeenix.fi\/wp-content\/uploads\/2020\/10\/Feenix_white.png","contentUrl":"https:\/\/ravintolafeenix.fi\/wp-content\/uploads\/2020\/10\/Feenix_white.png","width":1676,"height":529,"caption":"Feenix Ravintolat"},"image":{"@id":"https:\/\/ravintolafeenix.fi\/en\/#\/schema\/logo\/image\/"},"sameAs":["https:\/\/www.facebook.com\/FeenixRavintola\/","https:\/\/www.instagram.com\/ravintolafeenix\/"]}]}},"_links":{"self":[{"href":"https:\/\/ravintolafeenix.fi\/en\/wp-json\/wp\/v2\/pages\/3666","targetHints":{"allow":["GET"]}}],"collection":[{"href":"https:\/\/ravintolafeenix.fi\/en\/wp-json\/wp\/v2\/pages"}],"about":[{"href":"https:\/\/ravintolafeenix.fi\/en\/wp-json\/wp\/v2\/types\/page"}],"author":[{"embeddable":true,"href":"https:\/\/ravintolafeenix.fi\/en\/wp-json\/wp\/v2\/users\/1"}],"replies":[{"embeddable":true,"href":"https:\/\/ravintolafeenix.fi\/en\/wp-json\/wp\/v2\/comments?post=3666"}],"version-history":[{"count":10,"href":"https:\/\/ravintolafeenix.fi\/en\/wp-json\/wp\/v2\/pages\/3666\/revisions"}],"predecessor-version":[{"id":5458,"href":"https:\/\/ravintolafeenix.fi\/en\/wp-json\/wp\/v2\/pages\/3666\/revisions\/5458"}],"wp:featuredmedia":[{"embeddable":true,"href":"https:\/\/ravintolafeenix.fi\/en\/wp-json\/wp\/v2\/media\/3807"}],"wp:attachment":[{"href":"https:\/\/ravintolafeenix.fi\/en\/wp-json\/wp\/v2\/media?parent=3666"}],"curies":[{"name":"wp","href":"https:\/\/api.w.org\/{rel}","templated":true}]}}